{"id":490,"date":"2023-02-17T19:25:27","date_gmt":"2023-02-17T19:25:27","guid":{"rendered":"https:\/\/domandoingenieria.com\/?page_id=490"},"modified":"2023-02-17T19:25:28","modified_gmt":"2023-02-17T19:25:28","slug":"links-de-domando-ingenieria","status":"publish","type":"page","link":"https:\/\/domandoingenieria.com\/index.php\/links-de-domando-ingenieria\/","title":{"rendered":"Domando Ingenier\u00eda"},"content":{"rendered":"<div class=\"wp-block-image\">\n<figure class=\"aligncenter size-full is-resized\"><a href=\"https:\/\/domandoingenieria.com\/\"><img loading=\"lazy\" decoding=\"async\" src=\"http:\/\/domandoingenieria.com\/wp-content\/uploads\/2023\/02\/DomandoIngenieriaProfPic.jpg\" alt=\"LinksDeDomandoIngenier\u00edaFoto\" class=\"wp-image-491\" width=\"154\" height=\"109\" srcset=\"https:\/\/domandoingenieria.com\/wp-content\/uploads\/2023\/02\/DomandoIngenieriaProfPic.jpg 360w, https:\/\/domandoingenieria.com\/wp-content\/uploads\/2023\/02\/DomandoIngenieriaProfPic-300x212.jpg 300w\" sizes=\"auto, (max-width: 154px) 100vw, 154px\" \/><\/a><\/figure>\n<\/div>\n\n\n<div class=\"wp-block-buttons is-vertical is-content-justification-center is-layout-flex wp-container-core-buttons-is-layout-4b2eccd6 wp-block-buttons-is-layout-flex\">\n<div class=\"wp-block-button is-style-fill\"><a class=\"wp-block-button__link has-background wp-element-button\" href=\"https:\/\/www.youtube.com\/c\/DomandoIngenier%C3%ADa?sub_confirmation=1\" style=\"border-radius:12px;background-color:#d91414\">YouTube &#8211; Tutoriales Domando Ingenier\u00eda<\/a><\/div>\n\n\n\n<div class=\"wp-block-button\"><a class=\"wp-block-button__link has-background wp-element-button\" href=\"https:\/\/www.instagram.com\/domandoing\/\" style=\"border-radius:12px;background:linear-gradient(184deg,rgb(146,53,197) 0%,rgb(255,218,84) 100%)\">Instagram &#8211; Posts de Domando Ingenier\u00eda<\/a><\/div>\n\n\n\n<div class=\"wp-block-button\"><a class=\"wp-block-button__link has-background wp-element-button\" href=\"https:\/\/domandoingenieria.com\/index.php\/blog\/\" style=\"border-radius:12px;background-color:#05123f\">Notas y Revista Gratis Domando Ingenier\u00eda<\/a><\/div>\n\n\n\n<div class=\"wp-block-button\"><a class=\"wp-block-button__link has-background wp-element-button\" href=\"https:\/\/twitter.com\/DomandoIng\" style=\"border-radius:12px;background-color:#00acee\">  Twitter &#8211; Avisos de Domando Ingenier\u00eda  <\/a><\/div>\n\n\n\n<div class=\"wp-block-button\"><a class=\"wp-block-button__link has-background wp-element-button\" href=\"https:\/\/www.pexels.com\/es-es\/@domando-ingenieria-243128143\/\" style=\"border-radius:12px;background-color:#07a081\">Fotos para reportes &#8211; Domando Ingenier\u00eda<\/a><\/div>\n\n\n\n<div class=\"wp-block-button\"><a class=\"wp-block-button__link has-kubio-color-3-background-color has-background wp-element-button\" href=\"https:\/\/domandoingenieria.com\/index.php\/tutoriales-y-contenido\/\">Sitio Web &#8211; Lista de Proyectos de Ingenier\u00eda<\/a><\/div>\n\n\n\n<div class=\"wp-block-button\"><a class=\"wp-block-button__link has-kubio-color-3-background-color has-background wp-element-button\" href=\"https:\/\/domandoingenieria.com\/index.php\/sponsors\/\">\u00a1Patrocina el proyecto!<\/a><\/div>\n<\/div>\n\n\n\n<p class=\"has-text-align-center\">Entra a <a href=\"https:\/\/domandoingenieria.com\/\">Domando Ingenier\u00eda<\/a> y convi\u00e9rtete en un creador de proyectos de ingenier\u00eda.<\/p>\n\n\n\n<p><\/p>\n","protected":false},"excerpt":{"rendered":"<p>Entra a Domando Ingenier\u00eda y convi\u00e9rtete en un creador de proyectos de ingenier\u00eda.<\/p>\n","protected":false},"author":1,"featured_media":0,"parent":0,"menu_order":0,"comment_status":"closed","ping_status":"closed","template":"","meta":{"saved_in_kubio":false,"footnotes":""},"class_list":["post-490","page","type-page","status-publish","hentry"],"kubio_ai_page_context":{"short_desc":"","purpose":"general"},"yoast_head":"<!-- This site is optimized with the Yoast SEO plugin v23.0 - https:\/\/yoast.com\/wordpress\/plugins\/seo\/ -->\n<title>Links de Domando Ingenier\u00eda<\/title>\n<meta name=\"description\" content=\"\u00bfBuscas m\u00e1s de Domando Ingenier\u00eda? Links de Domando Ingenier\u00eda a todas las redes y presencia web de Domando Ingenier\u00eda. Estilo Linktree.\" \/>\n<meta name=\"robots\" content=\"index, follow, max-snippet:-1, max-image-preview:large, max-video-preview:-1\" \/>\n<link rel=\"canonical\" href=\"https:\/\/domandoingenieria.com\/index.php\/links-de-domando-ingenieria\/\" \/>\n<meta property=\"og:locale\" content=\"es_ES\" \/>\n<meta property=\"og:type\" content=\"article\" \/>\n<meta property=\"og:title\" content=\"Links de Domando Ingenier\u00eda\" \/>\n<meta property=\"og:description\" content=\"\u00bfBuscas m\u00e1s de Domando Ingenier\u00eda? Links de Domando Ingenier\u00eda a todas las redes y presencia web de Domando Ingenier\u00eda. Estilo Linktree.\" \/>\n<meta property=\"og:url\" content=\"https:\/\/domandoingenieria.com\/index.php\/links-de-domando-ingenieria\/\" \/>\n<meta property=\"og:site_name\" content=\"Domando Ingenier\u00eda\" \/>\n<meta property=\"article:modified_time\" content=\"2023-02-17T19:25:28+00:00\" \/>\n<meta property=\"og:image\" content=\"http:\/\/domandoingenieria.com\/wp-content\/uploads\/2023\/02\/DomandoIngenieriaProfPic.jpg\" \/>\n<meta name=\"twitter:card\" content=\"summary_large_image\" \/>\n<meta name=\"twitter:label1\" content=\"Tiempo de lectura\" \/>\n\t<meta name=\"twitter:data1\" content=\"1 minuto\" \/>\n<script type=\"application\/ld+json\" class=\"yoast-schema-graph\">{\"@context\":\"https:\/\/schema.org\",\"@graph\":[{\"@type\":\"WebPage\",\"@id\":\"https:\/\/domandoingenieria.com\/index.php\/links-de-domando-ingenieria\/\",\"url\":\"https:\/\/domandoingenieria.com\/index.php\/links-de-domando-ingenieria\/\",\"name\":\"Links de Domando Ingenier\u00eda\",\"isPartOf\":{\"@id\":\"https:\/\/domandoingenieria.com\/#website\"},\"primaryImageOfPage\":{\"@id\":\"https:\/\/domandoingenieria.com\/index.php\/links-de-domando-ingenieria\/#primaryimage\"},\"image\":{\"@id\":\"https:\/\/domandoingenieria.com\/index.php\/links-de-domando-ingenieria\/#primaryimage\"},\"thumbnailUrl\":\"http:\/\/domandoingenieria.com\/wp-content\/uploads\/2023\/02\/DomandoIngenieriaProfPic.jpg\",\"datePublished\":\"2023-02-17T19:25:27+00:00\",\"dateModified\":\"2023-02-17T19:25:28+00:00\",\"description\":\"\u00bfBuscas m\u00e1s de Domando Ingenier\u00eda? Links de Domando Ingenier\u00eda a todas las redes y presencia web de Domando Ingenier\u00eda. Estilo Linktree.\",\"breadcrumb\":{\"@id\":\"https:\/\/domandoingenieria.com\/index.php\/links-de-domando-ingenieria\/#breadcrumb\"},\"inLanguage\":\"es\",\"potentialAction\":[{\"@type\":\"ReadAction\",\"target\":[\"https:\/\/domandoingenieria.com\/index.php\/links-de-domando-ingenieria\/\"]}]},{\"@type\":\"ImageObject\",\"inLanguage\":\"es\",\"@id\":\"https:\/\/domandoingenieria.com\/index.php\/links-de-domando-ingenieria\/#primaryimage\",\"url\":\"https:\/\/domandoingenieria.com\/wp-content\/uploads\/2023\/02\/DomandoIngenieriaProfPic.jpg\",\"contentUrl\":\"https:\/\/domandoingenieria.com\/wp-content\/uploads\/2023\/02\/DomandoIngenieriaProfPic.jpg\",\"width\":360,\"height\":254,\"caption\":\"DomandoIngenier\u00edaFoto\"},{\"@type\":\"BreadcrumbList\",\"@id\":\"https:\/\/domandoingenieria.com\/index.php\/links-de-domando-ingenieria\/#breadcrumb\",\"itemListElement\":[{\"@type\":\"ListItem\",\"position\":1,\"name\":\"Portada\",\"item\":\"https:\/\/domandoingenieria.com\/\"},{\"@type\":\"ListItem\",\"position\":2,\"name\":\"Domando Ingenier\u00eda\"}]},{\"@type\":\"WebSite\",\"@id\":\"https:\/\/domandoingenieria.com\/#website\",\"url\":\"https:\/\/domandoingenieria.com\/\",\"name\":\"Domando Ingenier\u00eda\",\"description\":\"Lo mejor en tutoriales, noticias, trucos, c\u00f3digos y soluciones de ingenier\u00eda electr\u00f3nica y mecatr\u00f3nica para todos.\",\"publisher\":{\"@id\":\"https:\/\/domandoingenieria.com\/#organization\"},\"potentialAction\":[{\"@type\":\"SearchAction\",\"target\":{\"@type\":\"EntryPoint\",\"urlTemplate\":\"https:\/\/domandoingenieria.com\/?s={search_term_string}\"},\"query-input\":\"required name=search_term_string\"}],\"inLanguage\":\"es\"},{\"@type\":\"Organization\",\"@id\":\"https:\/\/domandoingenieria.com\/#organization\",\"name\":\"Domando Ingenier\u00eda\",\"url\":\"https:\/\/domandoingenieria.com\/\",\"logo\":{\"@type\":\"ImageObject\",\"inLanguage\":\"es\",\"@id\":\"https:\/\/domandoingenieria.com\/#\/schema\/logo\/image\/\",\"url\":\"https:\/\/domandoingenieria.com\/wp-content\/uploads\/2023\/01\/LogoDomandoIngenieriaMini.jpg\",\"contentUrl\":\"https:\/\/domandoingenieria.com\/wp-content\/uploads\/2023\/01\/LogoDomandoIngenieriaMini.jpg\",\"width\":75,\"height\":75,\"caption\":\"Domando Ingenier\u00eda\"},\"image\":{\"@id\":\"https:\/\/domandoingenieria.com\/#\/schema\/logo\/image\/\"}}]}<\/script>\n<!-- \/ Yoast SEO plugin. -->","yoast_head_json":{"title":"Links de Domando Ingenier\u00eda","description":"\u00bfBuscas m\u00e1s de Domando Ingenier\u00eda? Links de Domando Ingenier\u00eda a todas las redes y presencia web de Domando Ingenier\u00eda. Estilo Linktree.","robots":{"index":"index","follow":"follow","max-snippet":"max-snippet:-1","max-image-preview":"max-image-preview:large","max-video-preview":"max-video-preview:-1"},"canonical":"https:\/\/domandoingenieria.com\/index.php\/links-de-domando-ingenieria\/","og_locale":"es_ES","og_type":"article","og_title":"Links de Domando Ingenier\u00eda","og_description":"\u00bfBuscas m\u00e1s de Domando Ingenier\u00eda? Links de Domando Ingenier\u00eda a todas las redes y presencia web de Domando Ingenier\u00eda. Estilo Linktree.","og_url":"https:\/\/domandoingenieria.com\/index.php\/links-de-domando-ingenieria\/","og_site_name":"Domando Ingenier\u00eda","article_modified_time":"2023-02-17T19:25:28+00:00","og_image":[{"url":"http:\/\/domandoingenieria.com\/wp-content\/uploads\/2023\/02\/DomandoIngenieriaProfPic.jpg"}],"twitter_card":"summary_large_image","twitter_misc":{"Tiempo de lectura":"1 minuto"},"schema":{"@context":"https:\/\/schema.org","@graph":[{"@type":"WebPage","@id":"https:\/\/domandoingenieria.com\/index.php\/links-de-domando-ingenieria\/","url":"https:\/\/domandoingenieria.com\/index.php\/links-de-domando-ingenieria\/","name":"Links de Domando Ingenier\u00eda","isPartOf":{"@id":"https:\/\/domandoingenieria.com\/#website"},"primaryImageOfPage":{"@id":"https:\/\/domandoingenieria.com\/index.php\/links-de-domando-ingenieria\/#primaryimage"},"image":{"@id":"https:\/\/domandoingenieria.com\/index.php\/links-de-domando-ingenieria\/#primaryimage"},"thumbnailUrl":"http:\/\/domandoingenieria.com\/wp-content\/uploads\/2023\/02\/DomandoIngenieriaProfPic.jpg","datePublished":"2023-02-17T19:25:27+00:00","dateModified":"2023-02-17T19:25:28+00:00","description":"\u00bfBuscas m\u00e1s de Domando Ingenier\u00eda? Links de Domando Ingenier\u00eda a todas las redes y presencia web de Domando Ingenier\u00eda. Estilo Linktree.","breadcrumb":{"@id":"https:\/\/domandoingenieria.com\/index.php\/links-de-domando-ingenieria\/#breadcrumb"},"inLanguage":"es","potentialAction":[{"@type":"ReadAction","target":["https:\/\/domandoingenieria.com\/index.php\/links-de-domando-ingenieria\/"]}]},{"@type":"ImageObject","inLanguage":"es","@id":"https:\/\/domandoingenieria.com\/index.php\/links-de-domando-ingenieria\/#primaryimage","url":"https:\/\/domandoingenieria.com\/wp-content\/uploads\/2023\/02\/DomandoIngenieriaProfPic.jpg","contentUrl":"https:\/\/domandoingenieria.com\/wp-content\/uploads\/2023\/02\/DomandoIngenieriaProfPic.jpg","width":360,"height":254,"caption":"DomandoIngenier\u00edaFoto"},{"@type":"BreadcrumbList","@id":"https:\/\/domandoingenieria.com\/index.php\/links-de-domando-ingenieria\/#breadcrumb","itemListElement":[{"@type":"ListItem","position":1,"name":"Portada","item":"https:\/\/domandoingenieria.com\/"},{"@type":"ListItem","position":2,"name":"Domando Ingenier\u00eda"}]},{"@type":"WebSite","@id":"https:\/\/domandoingenieria.com\/#website","url":"https:\/\/domandoingenieria.com\/","name":"Domando Ingenier\u00eda","description":"Lo mejor en tutoriales, noticias, trucos, c\u00f3digos y soluciones de ingenier\u00eda electr\u00f3nica y mecatr\u00f3nica para todos.","publisher":{"@id":"https:\/\/domandoingenieria.com\/#organization"},"potentialAction":[{"@type":"SearchAction","target":{"@type":"EntryPoint","urlTemplate":"https:\/\/domandoingenieria.com\/?s={search_term_string}"},"query-input":"required name=search_term_string"}],"inLanguage":"es"},{"@type":"Organization","@id":"https:\/\/domandoingenieria.com\/#organization","name":"Domando Ingenier\u00eda","url":"https:\/\/domandoingenieria.com\/","logo":{"@type":"ImageObject","inLanguage":"es","@id":"https:\/\/domandoingenieria.com\/#\/schema\/logo\/image\/","url":"https:\/\/domandoingenieria.com\/wp-content\/uploads\/2023\/01\/LogoDomandoIngenieriaMini.jpg","contentUrl":"https:\/\/domandoingenieria.com\/wp-content\/uploads\/2023\/01\/LogoDomandoIngenieriaMini.jpg","width":75,"height":75,"caption":"Domando Ingenier\u00eda"},"image":{"@id":"https:\/\/domandoingenieria.com\/#\/schema\/logo\/image\/"}}]}},"_links":{"self":[{"href":"https:\/\/domandoingenieria.com\/index.php\/wp-json\/wp\/v2\/pages\/490","targetHints":{"allow":["GET"]}}],"collection":[{"href":"https:\/\/domandoingenieria.com\/index.php\/wp-json\/wp\/v2\/pages"}],"about":[{"href":"https:\/\/domandoingenieria.com\/index.php\/wp-json\/wp\/v2\/types\/page"}],"author":[{"embeddable":true,"href":"https:\/\/domandoingenieria.com\/index.php\/wp-json\/wp\/v2\/users\/1"}],"replies":[{"embeddable":true,"href":"https:\/\/domandoingenieria.com\/index.php\/wp-json\/wp\/v2\/comments?post=490"}],"version-history":[{"count":2,"href":"https:\/\/domandoingenieria.com\/index.php\/wp-json\/wp\/v2\/pages\/490\/revisions"}],"predecessor-version":[{"id":493,"href":"https:\/\/domandoingenieria.com\/index.php\/wp-json\/wp\/v2\/pages\/490\/revisions\/493"}],"wp:attachment":[{"href":"https:\/\/domandoingenieria.com\/index.php\/wp-json\/wp\/v2\/media?parent=490"}],"curies":[{"name":"wp","href":"https:\/\/api.w.org\/{rel}","templated":true}]}}