{"id":39,"date":"2022-03-01T07:09:24","date_gmt":"2022-03-01T07:09:24","guid":{"rendered":"https:\/\/domandoingenieria.com\/?page_id=39"},"modified":"2023-03-28T01:16:24","modified_gmt":"2023-03-28T01:16:24","slug":"proyectos-y-tutoriales-esp32","status":"publish","type":"page","link":"https:\/\/domandoingenieria.com\/index.php\/proyectos-y-tutoriales-esp32\/","title":{"rendered":"ESP32 Proyectos y Tutoriales"},"content":{"rendered":"<div class=\"wp-block-image\">\n<figure class=\"aligncenter size-full\"><img loading=\"lazy\" decoding=\"async\" width=\"547\" height=\"456\" src=\"https:\/\/domandoingenieria.com\/wp-content\/uploads\/2022\/03\/IMG_20220226_102902746_-_copia-removebg-preview.png\" alt=\"proyectos y tutoriales esp32 f\u00e1ciles\" class=\"wp-image-107\" srcset=\"https:\/\/domandoingenieria.com\/wp-content\/uploads\/2022\/03\/IMG_20220226_102902746_-_copia-removebg-preview.png 547w, https:\/\/domandoingenieria.com\/wp-content\/uploads\/2022\/03\/IMG_20220226_102902746_-_copia-removebg-preview-300x250.png 300w\" sizes=\"auto, (max-width: 547px) 100vw, 547px\" \/><figcaption class=\"wp-element-caption\">ESP32 para proyectos de electr\u00f3nica<\/figcaption><\/figure>\n<\/div>\n\n\n<p>Las tarjetas ESP32 hacen uso de un microcontrolador que tiene la capacidad de comunicarse con WiFi por default.  Lo mejor de estas tarjetas es que suelen ser altamente compatibles con Arduino IDE, por lo que se pueden desarrollar proyectos m\u00e1s potentes y sofisticados por alumnos de ingenier\u00eda, ingenieros y aficionados por igual a un costo accesible y sin complicaciones.  Por eso te dejamos algunos proyectos y tutoriales ESP32 para que comiences:<\/p>\n\n\n\n<h2 class=\"wp-block-heading\">Proyectos b\u00e1sicos<\/h2>\n\n\n\n<ul class=\"wp-block-list\">\n<li><a href=\"https:\/\/youtu.be\/LKJ0bBwp554\">Configurar Arduino IDE para Programar Tarjetas ESP32<\/a><\/li>\n\n\n\n<li><a href=\"https:\/\/youtu.be\/Ge_f4COGxIc\">C\u00f3mo programar una tarjeta ESP32 por primera vez<\/a><\/li>\n\n\n\n<li><a href=\"https:\/\/youtu.be\/JMpEU99glDs\">C\u00f3mo enviar un correo electr\u00f3nico desde una tarjeta ESP32 utilizando Gmail y Arduino IDE<\/a><\/li>\n<\/ul>\n\n\n\n<h1 class=\"wp-block-heading\" id=\"LoRa\">LoRa<\/h1>\n\n\n<div class=\"wp-block-image\">\n<figure class=\"aligncenter size-full is-resized\"><img loading=\"lazy\" decoding=\"async\" src=\"http:\/\/domandoingenieria.com\/wp-content\/uploads\/2022\/03\/IMG_20220226_102902746_-_copia-removebg-preview.png\" alt=\"\" class=\"wp-image-107\" width=\"337\" height=\"281\" srcset=\"https:\/\/domandoingenieria.com\/wp-content\/uploads\/2022\/03\/IMG_20220226_102902746_-_copia-removebg-preview.png 547w, https:\/\/domandoingenieria.com\/wp-content\/uploads\/2022\/03\/IMG_20220226_102902746_-_copia-removebg-preview-300x250.png 300w\" sizes=\"auto, (max-width: 337px) 100vw, 337px\" \/><figcaption class=\"wp-element-caption\">ESP32 con LoRa integrado<\/figcaption><\/figure>\n<\/div>\n\n\n<p>Algunos m\u00f3dulos de tarjetas ESP32 vienen dise\u00f1ados para comunicarse con LoRa.  Esto les da una ventaja asombrosa sobre otras tarjetas porque te permite comunicar distintos m\u00f3dulos a largas distancias, \u00a1hasta unos pocos kil\u00f3metros! Aunque todav\u00eda no son tan populares, las tarjetas LoRa tienen muchas aplicaciones.  Se debe gracias a tu peque\u00f1o tama\u00f1o, facilidad de programar y que tienen toda la potencia de un microcontrolador ESP32. Y lo mejor de todo es que \u00a1son programables con Arduino IDE como si fueran un <a href=\"https:\/\/domandoingenieria.com\/index.php\/proyectos-con-arduino\/\">Arduino<\/a>! Por esto hemos destinado una secci\u00f3n completa al desarrollo de proyectos y tutoriales ESP32 con LoRa.<\/p>\n\n\n\n<ul class=\"wp-block-list\">\n<li><a href=\"https:\/\/youtu.be\/Ge_f4COGxIc\">C\u00f3mo programar una tarjeta LoRa32 TTGO por primera vez (buscador de se\u00f1ales WiFi como ejemplo)<\/a><\/li>\n\n\n\n<li><a href=\"https:\/\/youtu.be\/5fX_6m4Yrbc\">Transmitir Datos entre Dos M\u00f3dulos LoRa32 a 915MHz<\/a><\/li>\n\n\n\n<li>P\u00e1gina web con lectura de sensor<\/li>\n<\/ul>\n","protected":false},"excerpt":{"rendered":"<p>Las tarjetas ESP32 hacen uso de un microcontrolador que tiene la capacidad de comunicarse con WiFi por default. Lo mejor de estas tarjetas es que suelen ser altamente compatibles con Arduino IDE, por lo que se pueden desarrollar proyectos m\u00e1s potentes y sofisticados por alumnos de ingenier\u00eda, ingenieros y aficionados por igual a un costo [&hellip;]<\/p>\n","protected":false},"author":1,"featured_media":0,"parent":0,"menu_order":0,"comment_status":"closed","ping_status":"closed","template":"","meta":{"saved_in_kubio":false,"footnotes":""},"class_list":["post-39","page","type-page","status-publish","hentry"],"kubio_ai_page_context":{"short_desc":"","purpose":"general"},"yoast_head":"<!-- This site is optimized with the Yoast SEO plugin v23.0 - https:\/\/yoast.com\/wordpress\/plugins\/seo\/ -->\n<title>ESP32 Proyectos y Tutoriales - Domando Ingenier\u00eda<\/title>\n<meta name=\"description\" content=\"Usa la tarjeta ESP32 para crear proyectos avanzados con WiFi y hasta LoRa siguiendo estos tutoriales f\u00e1ciles de proyectos geniales.\" \/>\n<meta name=\"robots\" content=\"index, follow, max-snippet:-1, max-image-preview:large, max-video-preview:-1\" \/>\n<link rel=\"canonical\" href=\"https:\/\/domandoingenieria.com\/index.php\/proyectos-y-tutoriales-esp32\/\" \/>\n<meta property=\"og:locale\" content=\"es_ES\" \/>\n<meta property=\"og:type\" content=\"article\" \/>\n<meta property=\"og:title\" content=\"ESP32 Proyectos y Tutoriales - Domando Ingenier\u00eda\" \/>\n<meta property=\"og:description\" content=\"Usa la tarjeta ESP32 para crear proyectos avanzados con WiFi y hasta LoRa siguiendo estos tutoriales f\u00e1ciles de proyectos geniales.\" \/>\n<meta property=\"og:url\" content=\"https:\/\/domandoingenieria.com\/index.php\/proyectos-y-tutoriales-esp32\/\" \/>\n<meta property=\"og:site_name\" content=\"Domando Ingenier\u00eda\" \/>\n<meta property=\"article:modified_time\" content=\"2023-03-28T01:16:24+00:00\" \/>\n<meta property=\"og:image\" content=\"https:\/\/domandoingenieria.com\/wp-content\/uploads\/2022\/03\/IMG_20220226_102902746_-_copia-removebg-preview.png\" \/>\n<meta name=\"twitter:card\" content=\"summary_large_image\" \/>\n<meta name=\"twitter:label1\" content=\"Tiempo de lectura\" \/>\n\t<meta name=\"twitter:data1\" content=\"2 minutos\" \/>\n<script type=\"application\/ld+json\" class=\"yoast-schema-graph\">{\"@context\":\"https:\/\/schema.org\",\"@graph\":[{\"@type\":\"WebPage\",\"@id\":\"https:\/\/domandoingenieria.com\/index.php\/proyectos-y-tutoriales-esp32\/\",\"url\":\"https:\/\/domandoingenieria.com\/index.php\/proyectos-y-tutoriales-esp32\/\",\"name\":\"ESP32 Proyectos y Tutoriales - Domando Ingenier\u00eda\",\"isPartOf\":{\"@id\":\"https:\/\/domandoingenieria.com\/#website\"},\"primaryImageOfPage\":{\"@id\":\"https:\/\/domandoingenieria.com\/index.php\/proyectos-y-tutoriales-esp32\/#primaryimage\"},\"image\":{\"@id\":\"https:\/\/domandoingenieria.com\/index.php\/proyectos-y-tutoriales-esp32\/#primaryimage\"},\"thumbnailUrl\":\"https:\/\/domandoingenieria.com\/wp-content\/uploads\/2022\/03\/IMG_20220226_102902746_-_copia-removebg-preview.png\",\"datePublished\":\"2022-03-01T07:09:24+00:00\",\"dateModified\":\"2023-03-28T01:16:24+00:00\",\"description\":\"Usa la tarjeta ESP32 para crear proyectos avanzados con WiFi y hasta LoRa siguiendo estos tutoriales f\u00e1ciles de proyectos geniales.\",\"breadcrumb\":{\"@id\":\"https:\/\/domandoingenieria.com\/index.php\/proyectos-y-tutoriales-esp32\/#breadcrumb\"},\"inLanguage\":\"es\",\"potentialAction\":[{\"@type\":\"ReadAction\",\"target\":[\"https:\/\/domandoingenieria.com\/index.php\/proyectos-y-tutoriales-esp32\/\"]}]},{\"@type\":\"ImageObject\",\"inLanguage\":\"es\",\"@id\":\"https:\/\/domandoingenieria.com\/index.php\/proyectos-y-tutoriales-esp32\/#primaryimage\",\"url\":\"https:\/\/domandoingenieria.com\/wp-content\/uploads\/2022\/03\/IMG_20220226_102902746_-_copia-removebg-preview.png\",\"contentUrl\":\"https:\/\/domandoingenieria.com\/wp-content\/uploads\/2022\/03\/IMG_20220226_102902746_-_copia-removebg-preview.png\",\"width\":547,\"height\":456,\"caption\":\"tarjeta ESP32\"},{\"@type\":\"BreadcrumbList\",\"@id\":\"https:\/\/domandoingenieria.com\/index.php\/proyectos-y-tutoriales-esp32\/#breadcrumb\",\"itemListElement\":[{\"@type\":\"ListItem\",\"position\":1,\"name\":\"Portada\",\"item\":\"https:\/\/domandoingenieria.com\/\"},{\"@type\":\"ListItem\",\"position\":2,\"name\":\"ESP32 Proyectos y Tutoriales\"}]},{\"@type\":\"WebSite\",\"@id\":\"https:\/\/domandoingenieria.com\/#website\",\"url\":\"https:\/\/domandoingenieria.com\/\",\"name\":\"Domando Ingenier\u00eda\",\"description\":\"Lo mejor en tutoriales, noticias, trucos, c\u00f3digos y soluciones de ingenier\u00eda electr\u00f3nica y mecatr\u00f3nica para todos.\",\"publisher\":{\"@id\":\"https:\/\/domandoingenieria.com\/#organization\"},\"potentialAction\":[{\"@type\":\"SearchAction\",\"target\":{\"@type\":\"EntryPoint\",\"urlTemplate\":\"https:\/\/domandoingenieria.com\/?s={search_term_string}\"},\"query-input\":\"required name=search_term_string\"}],\"inLanguage\":\"es\"},{\"@type\":\"Organization\",\"@id\":\"https:\/\/domandoingenieria.com\/#organization\",\"name\":\"Domando Ingenier\u00eda\",\"url\":\"https:\/\/domandoingenieria.com\/\",\"logo\":{\"@type\":\"ImageObject\",\"inLanguage\":\"es\",\"@id\":\"https:\/\/domandoingenieria.com\/#\/schema\/logo\/image\/\",\"url\":\"https:\/\/domandoingenieria.com\/wp-content\/uploads\/2023\/01\/LogoDomandoIngenieriaMini.jpg\",\"contentUrl\":\"https:\/\/domandoingenieria.com\/wp-content\/uploads\/2023\/01\/LogoDomandoIngenieriaMini.jpg\",\"width\":75,\"height\":75,\"caption\":\"Domando Ingenier\u00eda\"},\"image\":{\"@id\":\"https:\/\/domandoingenieria.com\/#\/schema\/logo\/image\/\"}}]}<\/script>\n<!-- \/ Yoast SEO plugin. -->","yoast_head_json":{"title":"ESP32 Proyectos y Tutoriales - Domando Ingenier\u00eda","description":"Usa la tarjeta ESP32 para crear proyectos avanzados con WiFi y hasta LoRa siguiendo estos tutoriales f\u00e1ciles de proyectos geniales.","robots":{"index":"index","follow":"follow","max-snippet":"max-snippet:-1","max-image-preview":"max-image-preview:large","max-video-preview":"max-video-preview:-1"},"canonical":"https:\/\/domandoingenieria.com\/index.php\/proyectos-y-tutoriales-esp32\/","og_locale":"es_ES","og_type":"article","og_title":"ESP32 Proyectos y Tutoriales - Domando Ingenier\u00eda","og_description":"Usa la tarjeta ESP32 para crear proyectos avanzados con WiFi y hasta LoRa siguiendo estos tutoriales f\u00e1ciles de proyectos geniales.","og_url":"https:\/\/domandoingenieria.com\/index.php\/proyectos-y-tutoriales-esp32\/","og_site_name":"Domando Ingenier\u00eda","article_modified_time":"2023-03-28T01:16:24+00:00","og_image":[{"url":"https:\/\/domandoingenieria.com\/wp-content\/uploads\/2022\/03\/IMG_20220226_102902746_-_copia-removebg-preview.png"}],"twitter_card":"summary_large_image","twitter_misc":{"Tiempo de lectura":"2 minutos"},"schema":{"@context":"https:\/\/schema.org","@graph":[{"@type":"WebPage","@id":"https:\/\/domandoingenieria.com\/index.php\/proyectos-y-tutoriales-esp32\/","url":"https:\/\/domandoingenieria.com\/index.php\/proyectos-y-tutoriales-esp32\/","name":"ESP32 Proyectos y Tutoriales - Domando Ingenier\u00eda","isPartOf":{"@id":"https:\/\/domandoingenieria.com\/#website"},"primaryImageOfPage":{"@id":"https:\/\/domandoingenieria.com\/index.php\/proyectos-y-tutoriales-esp32\/#primaryimage"},"image":{"@id":"https:\/\/domandoingenieria.com\/index.php\/proyectos-y-tutoriales-esp32\/#primaryimage"},"thumbnailUrl":"https:\/\/domandoingenieria.com\/wp-content\/uploads\/2022\/03\/IMG_20220226_102902746_-_copia-removebg-preview.png","datePublished":"2022-03-01T07:09:24+00:00","dateModified":"2023-03-28T01:16:24+00:00","description":"Usa la tarjeta ESP32 para crear proyectos avanzados con WiFi y hasta LoRa siguiendo estos tutoriales f\u00e1ciles de proyectos geniales.","breadcrumb":{"@id":"https:\/\/domandoingenieria.com\/index.php\/proyectos-y-tutoriales-esp32\/#breadcrumb"},"inLanguage":"es","potentialAction":[{"@type":"ReadAction","target":["https:\/\/domandoingenieria.com\/index.php\/proyectos-y-tutoriales-esp32\/"]}]},{"@type":"ImageObject","inLanguage":"es","@id":"https:\/\/domandoingenieria.com\/index.php\/proyectos-y-tutoriales-esp32\/#primaryimage","url":"https:\/\/domandoingenieria.com\/wp-content\/uploads\/2022\/03\/IMG_20220226_102902746_-_copia-removebg-preview.png","contentUrl":"https:\/\/domandoingenieria.com\/wp-content\/uploads\/2022\/03\/IMG_20220226_102902746_-_copia-removebg-preview.png","width":547,"height":456,"caption":"tarjeta ESP32"},{"@type":"BreadcrumbList","@id":"https:\/\/domandoingenieria.com\/index.php\/proyectos-y-tutoriales-esp32\/#breadcrumb","itemListElement":[{"@type":"ListItem","position":1,"name":"Portada","item":"https:\/\/domandoingenieria.com\/"},{"@type":"ListItem","position":2,"name":"ESP32 Proyectos y Tutoriales"}]},{"@type":"WebSite","@id":"https:\/\/domandoingenieria.com\/#website","url":"https:\/\/domandoingenieria.com\/","name":"Domando Ingenier\u00eda","description":"Lo mejor en tutoriales, noticias, trucos, c\u00f3digos y soluciones de ingenier\u00eda electr\u00f3nica y mecatr\u00f3nica para todos.","publisher":{"@id":"https:\/\/domandoingenieria.com\/#organization"},"potentialAction":[{"@type":"SearchAction","target":{"@type":"EntryPoint","urlTemplate":"https:\/\/domandoingenieria.com\/?s={search_term_string}"},"query-input":"required name=search_term_string"}],"inLanguage":"es"},{"@type":"Organization","@id":"https:\/\/domandoingenieria.com\/#organization","name":"Domando Ingenier\u00eda","url":"https:\/\/domandoingenieria.com\/","logo":{"@type":"ImageObject","inLanguage":"es","@id":"https:\/\/domandoingenieria.com\/#\/schema\/logo\/image\/","url":"https:\/\/domandoingenieria.com\/wp-content\/uploads\/2023\/01\/LogoDomandoIngenieriaMini.jpg","contentUrl":"https:\/\/domandoingenieria.com\/wp-content\/uploads\/2023\/01\/LogoDomandoIngenieriaMini.jpg","width":75,"height":75,"caption":"Domando Ingenier\u00eda"},"image":{"@id":"https:\/\/domandoingenieria.com\/#\/schema\/logo\/image\/"}}]}},"_links":{"self":[{"href":"https:\/\/domandoingenieria.com\/index.php\/wp-json\/wp\/v2\/pages\/39","targetHints":{"allow":["GET"]}}],"collection":[{"href":"https:\/\/domandoingenieria.com\/index.php\/wp-json\/wp\/v2\/pages"}],"about":[{"href":"https:\/\/domandoingenieria.com\/index.php\/wp-json\/wp\/v2\/types\/page"}],"author":[{"embeddable":true,"href":"https:\/\/domandoingenieria.com\/index.php\/wp-json\/wp\/v2\/users\/1"}],"replies":[{"embeddable":true,"href":"https:\/\/domandoingenieria.com\/index.php\/wp-json\/wp\/v2\/comments?post=39"}],"version-history":[{"count":5,"href":"https:\/\/domandoingenieria.com\/index.php\/wp-json\/wp\/v2\/pages\/39\/revisions"}],"predecessor-version":[{"id":556,"href":"https:\/\/domandoingenieria.com\/index.php\/wp-json\/wp\/v2\/pages\/39\/revisions\/556"}],"wp:attachment":[{"href":"https:\/\/domandoingenieria.com\/index.php\/wp-json\/wp\/v2\/media?parent=39"}],"curies":[{"name":"wp","href":"https:\/\/api.w.org\/{rel}","templated":true}]}}