{"id":37,"date":"2022-03-01T07:09:12","date_gmt":"2022-03-01T07:09:12","guid":{"rendered":"https:\/\/domandoingenieria.com\/?page_id=37"},"modified":"2023-03-27T23:29:27","modified_gmt":"2023-03-27T23:29:27","slug":"ejemplos-y-ejercicios-de-vhdl","status":"publish","type":"page","link":"https:\/\/domandoingenieria.com\/index.php\/ejemplos-y-ejercicios-de-vhdl\/","title":{"rendered":"Ejemplos y Ejercicios de VHDL para FPGAs y CPLDs"},"content":{"rendered":"<div class=\"wp-block-image\">\n<figure class=\"aligncenter size-full\"><img loading=\"lazy\" decoding=\"async\" width=\"401\" height=\"301\" src=\"https:\/\/domandoingenieria.com\/wp-content\/uploads\/2023\/03\/IMG_20220226_102851300-removebg-preview-edited.png\" alt=\"\" class=\"wp-image-534\" srcset=\"https:\/\/domandoingenieria.com\/wp-content\/uploads\/2023\/03\/IMG_20220226_102851300-removebg-preview-edited.png 401w, https:\/\/domandoingenieria.com\/wp-content\/uploads\/2023\/03\/IMG_20220226_102851300-removebg-preview-edited-300x225.png 300w\" sizes=\"auto, (max-width: 401px) 100vw, 401px\" \/><figcaption class=\"wp-element-caption\">Tarjeta de desarrollo con CPLD<\/figcaption><\/figure>\n<\/div>\n\n\n<p>Reconocidos por ser veloces y muy flexibles, los FPGAs y CPLDs te permiten crear soluciones desde cero. Por esta raz\u00f3n, te ofrecemos tutoriales, ejemplos y ejercicios de VHDL para comenzar a programar FPGAs y CPLDs con VHDL.  Comienza desde lo b\u00e1sico para comenzar a entender la forma en de programar y pronto estar\u00e1s creando tus propias versiones de sistemas m\u00e1s complejos.  Nuestros ejemplos de VHDL incluyen el c\u00f3digo para que lo puedas probar y comparar.<\/p>\n\n\n\n<h2 class=\"wp-block-heading\">Ejemplos y Ejercicios de VHDL b\u00e1sicos<\/h2>\n\n\n\n<ul class=\"wp-block-list\">\n<li><a href=\"https:\/\/youtu.be\/PKivbq7Sumg\">Registro paralelo-paralelo \/ Buffer n-bits paso a paso con simulaci\u00f3n | Active-HDL<\/a><\/li>\n\n\n\n<li><a href=\"https:\/\/youtu.be\/AI1ieLqVxpU\">Registro paralelo-paralelo \/ Buffer n-bits explicado con c\u00f3digo y simulaci\u00f3n | Active-HDL<\/a><\/li>\n\n\n\n<li><a href=\"https:\/\/youtu.be\/tFFDMxvmFlc\">Compuertas l\u00f3gicas paso a paso con simulaci\u00f3n f\u00e1cil y r\u00e1pido<\/a><\/li>\n\n\n\n<li><a href=\"https:\/\/youtu.be\/F_P1KoS1AdM\">Compuertas l\u00f3gicas explicadas f\u00e1cil y r\u00e1pido con c\u00f3digo y simulaci\u00f3n | Active-HDL<\/a><\/li>\n\n\n\n<li><a data-type=\"post\" data-id=\"52\" href=\"https:\/\/domandoingenieria.com\/index.php\/2022\/03\/01\/contador-ascendiente-con-vhdl\/\">Contador Ascendiente<\/a><\/li>\n\n\n\n<li><a href=\"https:\/\/youtu.be\/kJKs43BW2D4\">Verificador de Paridad Impar n-bits para Detecci\u00f3n de Errores | Paso a Paso con Simulaci\u00f3n | Active-HDL<\/a><\/li>\n\n\n\n<li><a href=\"https:\/\/youtu.be\/v71oE811tDc\">Sumador de n-bits | Paso a Paso con Simulaci\u00f3n | Active-HDL<\/a><\/li>\n\n\n\n<li><\/li>\n<\/ul>\n\n\n\n<h2 class=\"wp-block-heading\">Proyectos intermedios con FPGAs y CPLDs<\/h2>\n\n\n\n<ul class=\"wp-block-list\">\n<li>1<\/li>\n<\/ul>\n\n\n\n<h2 class=\"wp-block-heading\">Proyectos avanzados para FPGAs y CPLDs con VHDL<\/h2>\n\n\n\n<ul class=\"wp-block-list\">\n<li>3<\/li>\n<\/ul>\n\n\n\n<p>Pero si lo que est\u00e1s buscando es una herramienta que te ayude a controla motores el\u00e9ctricos y otros equipos de mayor consumo energ\u00e9tico como los que se utilizan en la industria, vale la pena que mejor consideres utilizar un <a href=\"https:\/\/domandoingenieria.com\/index.php\/tutoriales-de-plcs\/\">PLC <\/a>para ello.  Son m\u00e1s robustos y adecuados para proyectos de ese tipo.<\/p>\n\n\n\n<p>O si apenas comienzas a experimentar con proyectos de electr\u00f3nica que interact\u00faen con el mundo real, puedes comenzar mejor con una tarjeta <a href=\"https:\/\/domandoingenieria.com\/index.php\/proyectos-con-arduino\/\">Arduino<\/a>.  Son m\u00e1s amigables con principiantes y para prototipado r\u00e1pido de proyectos de automatizaci\u00f3n (dom\u00f3tica), juegos y otras cosas.<\/p>\n","protected":false},"excerpt":{"rendered":"<p>Reconocidos por ser veloces y muy flexibles, los FPGAs y CPLDs te permiten crear soluciones desde cero. Por esta raz\u00f3n, te ofrecemos tutoriales, ejemplos y ejercicios de VHDL para comenzar a programar FPGAs y CPLDs con VHDL. Comienza desde lo b\u00e1sico para comenzar a entender la forma en de programar y pronto estar\u00e1s creando tus [&hellip;]<\/p>\n","protected":false},"author":1,"featured_media":0,"parent":0,"menu_order":0,"comment_status":"closed","ping_status":"closed","template":"","meta":{"saved_in_kubio":false,"footnotes":""},"class_list":["post-37","page","type-page","status-publish","hentry"],"kubio_ai_page_context":{"short_desc":"","purpose":"general"},"yoast_head":"<!-- This site is optimized with the Yoast SEO plugin v23.0 - https:\/\/yoast.com\/wordpress\/plugins\/seo\/ -->\n<title>Ejemplos de Ejercicios de VHDL para FPGAs y CPLDs<\/title>\n<meta name=\"description\" content=\"Encuentra ejemplos y ejercicios de VHDL para FPGAs y CPLDs. Desde lo m\u00e1s b\u00e1sico como un contador ascendiente hasta un reloj programable.\" \/>\n<meta name=\"robots\" content=\"index, follow, max-snippet:-1, max-image-preview:large, max-video-preview:-1\" \/>\n<link rel=\"canonical\" href=\"https:\/\/domandoingenieria.com\/index.php\/ejemplos-y-ejercicios-de-vhdl\/\" \/>\n<meta property=\"og:locale\" content=\"es_ES\" \/>\n<meta property=\"og:type\" content=\"article\" \/>\n<meta property=\"og:title\" content=\"Ejemplos de Ejercicios de VHDL para FPGAs y CPLDs\" \/>\n<meta property=\"og:description\" content=\"Encuentra ejemplos y ejercicios de VHDL para FPGAs y CPLDs. Desde lo m\u00e1s b\u00e1sico como un contador ascendiente hasta un reloj programable.\" \/>\n<meta property=\"og:url\" content=\"https:\/\/domandoingenieria.com\/index.php\/ejemplos-y-ejercicios-de-vhdl\/\" \/>\n<meta property=\"og:site_name\" content=\"Domando Ingenier\u00eda\" \/>\n<meta property=\"article:modified_time\" content=\"2023-03-27T23:29:27+00:00\" \/>\n<meta property=\"og:image\" content=\"https:\/\/domandoingenieria.com\/wp-content\/uploads\/2023\/03\/IMG_20220226_102851300-removebg-preview-edited.png\" \/>\n<meta name=\"twitter:card\" content=\"summary_large_image\" \/>\n<meta name=\"twitter:label1\" content=\"Tiempo de lectura\" \/>\n\t<meta name=\"twitter:data1\" content=\"2 minutos\" \/>\n<script type=\"application\/ld+json\" class=\"yoast-schema-graph\">{\"@context\":\"https:\/\/schema.org\",\"@graph\":[{\"@type\":\"WebPage\",\"@id\":\"https:\/\/domandoingenieria.com\/index.php\/ejemplos-y-ejercicios-de-vhdl\/\",\"url\":\"https:\/\/domandoingenieria.com\/index.php\/ejemplos-y-ejercicios-de-vhdl\/\",\"name\":\"Ejemplos de Ejercicios de VHDL para FPGAs y CPLDs\",\"isPartOf\":{\"@id\":\"https:\/\/domandoingenieria.com\/#website\"},\"primaryImageOfPage\":{\"@id\":\"https:\/\/domandoingenieria.com\/index.php\/ejemplos-y-ejercicios-de-vhdl\/#primaryimage\"},\"image\":{\"@id\":\"https:\/\/domandoingenieria.com\/index.php\/ejemplos-y-ejercicios-de-vhdl\/#primaryimage\"},\"thumbnailUrl\":\"https:\/\/domandoingenieria.com\/wp-content\/uploads\/2023\/03\/IMG_20220226_102851300-removebg-preview-edited.png\",\"datePublished\":\"2022-03-01T07:09:12+00:00\",\"dateModified\":\"2023-03-27T23:29:27+00:00\",\"description\":\"Encuentra ejemplos y ejercicios de VHDL para FPGAs y CPLDs. Desde lo m\u00e1s b\u00e1sico como un contador ascendiente hasta un reloj programable.\",\"breadcrumb\":{\"@id\":\"https:\/\/domandoingenieria.com\/index.php\/ejemplos-y-ejercicios-de-vhdl\/#breadcrumb\"},\"inLanguage\":\"es\",\"potentialAction\":[{\"@type\":\"ReadAction\",\"target\":[\"https:\/\/domandoingenieria.com\/index.php\/ejemplos-y-ejercicios-de-vhdl\/\"]}]},{\"@type\":\"ImageObject\",\"inLanguage\":\"es\",\"@id\":\"https:\/\/domandoingenieria.com\/index.php\/ejemplos-y-ejercicios-de-vhdl\/#primaryimage\",\"url\":\"https:\/\/domandoingenieria.com\/wp-content\/uploads\/2023\/03\/IMG_20220226_102851300-removebg-preview-edited.png\",\"contentUrl\":\"https:\/\/domandoingenieria.com\/wp-content\/uploads\/2023\/03\/IMG_20220226_102851300-removebg-preview-edited.png\",\"width\":401,\"height\":301},{\"@type\":\"BreadcrumbList\",\"@id\":\"https:\/\/domandoingenieria.com\/index.php\/ejemplos-y-ejercicios-de-vhdl\/#breadcrumb\",\"itemListElement\":[{\"@type\":\"ListItem\",\"position\":1,\"name\":\"Portada\",\"item\":\"https:\/\/domandoingenieria.com\/\"},{\"@type\":\"ListItem\",\"position\":2,\"name\":\"Ejemplos y Ejercicios de VHDL para FPGAs y CPLDs\"}]},{\"@type\":\"WebSite\",\"@id\":\"https:\/\/domandoingenieria.com\/#website\",\"url\":\"https:\/\/domandoingenieria.com\/\",\"name\":\"Domando Ingenier\u00eda\",\"description\":\"Lo mejor en tutoriales, noticias, trucos, c\u00f3digos y soluciones de ingenier\u00eda electr\u00f3nica y mecatr\u00f3nica para todos.\",\"publisher\":{\"@id\":\"https:\/\/domandoingenieria.com\/#organization\"},\"potentialAction\":[{\"@type\":\"SearchAction\",\"target\":{\"@type\":\"EntryPoint\",\"urlTemplate\":\"https:\/\/domandoingenieria.com\/?s={search_term_string}\"},\"query-input\":\"required name=search_term_string\"}],\"inLanguage\":\"es\"},{\"@type\":\"Organization\",\"@id\":\"https:\/\/domandoingenieria.com\/#organization\",\"name\":\"Domando Ingenier\u00eda\",\"url\":\"https:\/\/domandoingenieria.com\/\",\"logo\":{\"@type\":\"ImageObject\",\"inLanguage\":\"es\",\"@id\":\"https:\/\/domandoingenieria.com\/#\/schema\/logo\/image\/\",\"url\":\"https:\/\/domandoingenieria.com\/wp-content\/uploads\/2023\/01\/LogoDomandoIngenieriaMini.jpg\",\"contentUrl\":\"https:\/\/domandoingenieria.com\/wp-content\/uploads\/2023\/01\/LogoDomandoIngenieriaMini.jpg\",\"width\":75,\"height\":75,\"caption\":\"Domando Ingenier\u00eda\"},\"image\":{\"@id\":\"https:\/\/domandoingenieria.com\/#\/schema\/logo\/image\/\"}}]}<\/script>\n<!-- \/ Yoast SEO plugin. -->","yoast_head_json":{"title":"Ejemplos de Ejercicios de VHDL para FPGAs y CPLDs","description":"Encuentra ejemplos y ejercicios de VHDL para FPGAs y CPLDs. Desde lo m\u00e1s b\u00e1sico como un contador ascendiente hasta un reloj programable.","robots":{"index":"index","follow":"follow","max-snippet":"max-snippet:-1","max-image-preview":"max-image-preview:large","max-video-preview":"max-video-preview:-1"},"canonical":"https:\/\/domandoingenieria.com\/index.php\/ejemplos-y-ejercicios-de-vhdl\/","og_locale":"es_ES","og_type":"article","og_title":"Ejemplos de Ejercicios de VHDL para FPGAs y CPLDs","og_description":"Encuentra ejemplos y ejercicios de VHDL para FPGAs y CPLDs. Desde lo m\u00e1s b\u00e1sico como un contador ascendiente hasta un reloj programable.","og_url":"https:\/\/domandoingenieria.com\/index.php\/ejemplos-y-ejercicios-de-vhdl\/","og_site_name":"Domando Ingenier\u00eda","article_modified_time":"2023-03-27T23:29:27+00:00","og_image":[{"url":"https:\/\/domandoingenieria.com\/wp-content\/uploads\/2023\/03\/IMG_20220226_102851300-removebg-preview-edited.png"}],"twitter_card":"summary_large_image","twitter_misc":{"Tiempo de lectura":"2 minutos"},"schema":{"@context":"https:\/\/schema.org","@graph":[{"@type":"WebPage","@id":"https:\/\/domandoingenieria.com\/index.php\/ejemplos-y-ejercicios-de-vhdl\/","url":"https:\/\/domandoingenieria.com\/index.php\/ejemplos-y-ejercicios-de-vhdl\/","name":"Ejemplos de Ejercicios de VHDL para FPGAs y CPLDs","isPartOf":{"@id":"https:\/\/domandoingenieria.com\/#website"},"primaryImageOfPage":{"@id":"https:\/\/domandoingenieria.com\/index.php\/ejemplos-y-ejercicios-de-vhdl\/#primaryimage"},"image":{"@id":"https:\/\/domandoingenieria.com\/index.php\/ejemplos-y-ejercicios-de-vhdl\/#primaryimage"},"thumbnailUrl":"https:\/\/domandoingenieria.com\/wp-content\/uploads\/2023\/03\/IMG_20220226_102851300-removebg-preview-edited.png","datePublished":"2022-03-01T07:09:12+00:00","dateModified":"2023-03-27T23:29:27+00:00","description":"Encuentra ejemplos y ejercicios de VHDL para FPGAs y CPLDs. Desde lo m\u00e1s b\u00e1sico como un contador ascendiente hasta un reloj programable.","breadcrumb":{"@id":"https:\/\/domandoingenieria.com\/index.php\/ejemplos-y-ejercicios-de-vhdl\/#breadcrumb"},"inLanguage":"es","potentialAction":[{"@type":"ReadAction","target":["https:\/\/domandoingenieria.com\/index.php\/ejemplos-y-ejercicios-de-vhdl\/"]}]},{"@type":"ImageObject","inLanguage":"es","@id":"https:\/\/domandoingenieria.com\/index.php\/ejemplos-y-ejercicios-de-vhdl\/#primaryimage","url":"https:\/\/domandoingenieria.com\/wp-content\/uploads\/2023\/03\/IMG_20220226_102851300-removebg-preview-edited.png","contentUrl":"https:\/\/domandoingenieria.com\/wp-content\/uploads\/2023\/03\/IMG_20220226_102851300-removebg-preview-edited.png","width":401,"height":301},{"@type":"BreadcrumbList","@id":"https:\/\/domandoingenieria.com\/index.php\/ejemplos-y-ejercicios-de-vhdl\/#breadcrumb","itemListElement":[{"@type":"ListItem","position":1,"name":"Portada","item":"https:\/\/domandoingenieria.com\/"},{"@type":"ListItem","position":2,"name":"Ejemplos y Ejercicios de VHDL para FPGAs y CPLDs"}]},{"@type":"WebSite","@id":"https:\/\/domandoingenieria.com\/#website","url":"https:\/\/domandoingenieria.com\/","name":"Domando Ingenier\u00eda","description":"Lo mejor en tutoriales, noticias, trucos, c\u00f3digos y soluciones de ingenier\u00eda electr\u00f3nica y mecatr\u00f3nica para todos.","publisher":{"@id":"https:\/\/domandoingenieria.com\/#organization"},"potentialAction":[{"@type":"SearchAction","target":{"@type":"EntryPoint","urlTemplate":"https:\/\/domandoingenieria.com\/?s={search_term_string}"},"query-input":"required name=search_term_string"}],"inLanguage":"es"},{"@type":"Organization","@id":"https:\/\/domandoingenieria.com\/#organization","name":"Domando Ingenier\u00eda","url":"https:\/\/domandoingenieria.com\/","logo":{"@type":"ImageObject","inLanguage":"es","@id":"https:\/\/domandoingenieria.com\/#\/schema\/logo\/image\/","url":"https:\/\/domandoingenieria.com\/wp-content\/uploads\/2023\/01\/LogoDomandoIngenieriaMini.jpg","contentUrl":"https:\/\/domandoingenieria.com\/wp-content\/uploads\/2023\/01\/LogoDomandoIngenieriaMini.jpg","width":75,"height":75,"caption":"Domando Ingenier\u00eda"},"image":{"@id":"https:\/\/domandoingenieria.com\/#\/schema\/logo\/image\/"}}]}},"_links":{"self":[{"href":"https:\/\/domandoingenieria.com\/index.php\/wp-json\/wp\/v2\/pages\/37","targetHints":{"allow":["GET"]}}],"collection":[{"href":"https:\/\/domandoingenieria.com\/index.php\/wp-json\/wp\/v2\/pages"}],"about":[{"href":"https:\/\/domandoingenieria.com\/index.php\/wp-json\/wp\/v2\/types\/page"}],"author":[{"embeddable":true,"href":"https:\/\/domandoingenieria.com\/index.php\/wp-json\/wp\/v2\/users\/1"}],"replies":[{"embeddable":true,"href":"https:\/\/domandoingenieria.com\/index.php\/wp-json\/wp\/v2\/comments?post=37"}],"version-history":[{"count":9,"href":"https:\/\/domandoingenieria.com\/index.php\/wp-json\/wp\/v2\/pages\/37\/revisions"}],"predecessor-version":[{"id":548,"href":"https:\/\/domandoingenieria.com\/index.php\/wp-json\/wp\/v2\/pages\/37\/revisions\/548"}],"wp:attachment":[{"href":"https:\/\/domandoingenieria.com\/index.php\/wp-json\/wp\/v2\/media?parent=37"}],"curies":[{"name":"wp","href":"https:\/\/api.w.org\/{rel}","templated":true}]}}