{"id":35,"date":"2022-03-01T07:08:55","date_gmt":"2022-03-01T07:08:55","guid":{"rendered":"https:\/\/domandoingenieria.com\/?page_id=35"},"modified":"2023-03-27T23:27:43","modified_gmt":"2023-03-27T23:27:43","slug":"tutoriales-de-plcs","status":"publish","type":"page","link":"https:\/\/domandoingenieria.com\/index.php\/tutoriales-de-plcs\/","title":{"rendered":"Tutoriales de PLCs (Programaci\u00f3n Escalera)"},"content":{"rendered":"<div class=\"wp-block-image\">\n<figure class=\"aligncenter size-full is-resized\"><img loading=\"lazy\" decoding=\"async\" src=\"http:\/\/domandoingenieria.com\/wp-content\/uploads\/2022\/03\/siemensplcs.png\" alt=\"\" class=\"wp-image-104\" width=\"333\" height=\"250\" srcset=\"https:\/\/domandoingenieria.com\/wp-content\/uploads\/2022\/03\/siemensplcs.png 577w, https:\/\/domandoingenieria.com\/wp-content\/uploads\/2022\/03\/siemensplcs-300x225.png 300w\" sizes=\"auto, (max-width: 333px) 100vw, 333px\" \/><\/figure>\n<\/div>\n\n\n<p>Los PLCs son fundamentales para aplicaciones industriales que controlan motores y equipos de mediana y alta potencia.  Por ello, te ofrecemos videos sobre programaci\u00f3n escalera que te permitir\u00e1n desarrollar soluciones profesionales para el sector de manufactura.<\/p>\n\n\n\n<h2 class=\"wp-block-heading\">Tutoriales de PLC B\u00e1sicos<\/h2>\n\n\n\n<ul class=\"wp-block-list\">\n<li><a href=\"https:\/\/youtu.be\/a4wiZfoT1Mc\">Lectura de Sensor Anal\u00f3gico<\/a><\/li>\n\n\n\n<li><a href=\"https:\/\/youtu.be\/2q0zla34HdQ\">Llenado de Tinaco<\/a><\/li>\n\n\n\n<li><a href=\"https:\/\/youtu.be\/BO_Pg3r91Is\">Alarma Intermitente<\/a><\/li>\n\n\n\n<li><a href=\"https:\/\/youtu.be\/y6xRPogq4fc\">Puertas exclusas<\/a><\/li>\n\n\n\n<li><a href=\"https:\/\/youtu.be\/dEQJqXEYidk\">Blink con temporizador<\/a><\/li>\n\n\n\n<li><a href=\"https:\/\/youtu.be\/G1niQKPR6M8\">Arranque-Paro en Programaci\u00f3n Escalera<\/a><\/li>\n\n\n\n<li><a href=\"https:\/\/youtu.be\/xoXwdHmTxt4\">Control de Giro de Motor El\u00e9ctrico Bidirecci\u00f3nal<\/a><\/li>\n\n\n\n<li><a href=\"https:\/\/youtu.be\/D27T8wQz5QY\">Introducci\u00f3n a interfaz LOGO!Soft Comfort para programaci\u00f3n de PLCs<\/a><\/li>\n\n\n\n<li><a href=\"https:\/\/youtu.be\/HscFIqgQjdY\">Escaleras El\u00e9ctricas Autom\u00e1ticas y con Ahorro de Energ\u00eda<\/a><\/li>\n<\/ul>\n\n\n\n<h2 class=\"wp-block-heading\">Proyectos Intermedios con PLCs<\/h2>\n\n\n\n<ul class=\"wp-block-list\">\n<li><a href=\"https:\/\/youtu.be\/3iwXRa4JsNM\">Clasificador\/Separador de Productos Autom\u00e1tico por tama\u00f1o<\/a><\/li>\n\n\n\n<li><a href=\"https:\/\/youtu.be\/Ns1H1nOaVZ8\">Secadora de ropa con apagado autom\u00e1tico<\/a><\/li>\n\n\n\n<li><a href=\"https:\/\/youtu.be\/cwHErj9mC0I\">Lavadora de Dos Ciclos con Apagado Autom\u00e1tico<\/a><\/li>\n\n\n\n<li><a href=\"https:\/\/youtu.be\/1ogMbDFzy40\">Control de Entrada y Salida de Estacionamiento con Contador<\/a><\/li>\n<\/ul>\n\n\n\n<p>Si est\u00e1s buscando algo para proyectos caseros de pocos elementos que no utilicen motores enormes, puedes considerar realizar tu <a href=\"https:\/\/domandoingenieria.com\/index.php\/proyectos-con-arduino\/\">proyecto con Arduino<\/a> y un m\u00f3dulo relevador.  Ser\u00e1 una soluci\u00f3n m\u00e1s accesible, econ\u00f3mica y r\u00e1pida de implementar, en especial si eres principiante o solo quieres algo simple. O para proyectos que deban realizar varias tareas en paralelo a alta velocidad, te puedes dar una vuelta por los <a href=\"https:\/\/domandoingenieria.com\/index.php\/ejemplos-y-ejercicios-de-vhdl\/\">ejemplos y ejercicios de VHDL que programan CPLDs y FPGAs<\/a> de una manera simple.<\/p>\n","protected":false},"excerpt":{"rendered":"<p>Los PLCs son fundamentales para aplicaciones industriales que controlan motores y equipos de mediana y alta potencia. Por ello, te ofrecemos videos sobre programaci\u00f3n escalera que te permitir\u00e1n desarrollar soluciones profesionales para el sector de manufactura. Tutoriales de PLC B\u00e1sicos Proyectos Intermedios con PLCs Si est\u00e1s buscando algo para proyectos caseros de pocos elementos que [&hellip;]<\/p>\n","protected":false},"author":1,"featured_media":0,"parent":0,"menu_order":0,"comment_status":"closed","ping_status":"closed","template":"","meta":{"saved_in_kubio":false,"footnotes":""},"class_list":["post-35","page","type-page","status-publish","hentry"],"kubio_ai_page_context":{"short_desc":"","purpose":"general"},"yoast_head":"<!-- This site is optimized with the Yoast SEO plugin v23.0 - https:\/\/yoast.com\/wordpress\/plugins\/seo\/ -->\n<title>Tutoriales de PLCs (Programaci\u00f3n Escalera) - Domando Ingenier\u00eda<\/title>\n<meta name=\"description\" content=\"Con tutoriales de PLCs, estar\u00e1s listo para desarrollar aplicaciones industriales y acceder a mejores puestos laborales como ingeniero.\" \/>\n<meta name=\"robots\" content=\"index, follow, max-snippet:-1, max-image-preview:large, max-video-preview:-1\" \/>\n<link rel=\"canonical\" href=\"https:\/\/domandoingenieria.com\/index.php\/tutoriales-de-plcs\/\" \/>\n<meta property=\"og:locale\" content=\"es_ES\" \/>\n<meta property=\"og:type\" content=\"article\" \/>\n<meta property=\"og:title\" content=\"Tutoriales de PLCs (Programaci\u00f3n Escalera) - Domando Ingenier\u00eda\" \/>\n<meta property=\"og:description\" content=\"Con tutoriales de PLCs, estar\u00e1s listo para desarrollar aplicaciones industriales y acceder a mejores puestos laborales como ingeniero.\" \/>\n<meta property=\"og:url\" content=\"https:\/\/domandoingenieria.com\/index.php\/tutoriales-de-plcs\/\" \/>\n<meta property=\"og:site_name\" content=\"Domando Ingenier\u00eda\" \/>\n<meta property=\"article:modified_time\" content=\"2023-03-27T23:27:43+00:00\" \/>\n<meta property=\"og:image\" content=\"http:\/\/domandoingenieria.com\/wp-content\/uploads\/2022\/03\/siemensplcs.png\" \/>\n<meta name=\"twitter:card\" content=\"summary_large_image\" \/>\n<meta name=\"twitter:label1\" content=\"Tiempo de lectura\" \/>\n\t<meta name=\"twitter:data1\" content=\"2 minutos\" \/>\n<script type=\"application\/ld+json\" class=\"yoast-schema-graph\">{\"@context\":\"https:\/\/schema.org\",\"@graph\":[{\"@type\":\"WebPage\",\"@id\":\"https:\/\/domandoingenieria.com\/index.php\/tutoriales-de-plcs\/\",\"url\":\"https:\/\/domandoingenieria.com\/index.php\/tutoriales-de-plcs\/\",\"name\":\"Tutoriales de PLCs (Programaci\u00f3n Escalera) - Domando Ingenier\u00eda\",\"isPartOf\":{\"@id\":\"https:\/\/domandoingenieria.com\/#website\"},\"primaryImageOfPage\":{\"@id\":\"https:\/\/domandoingenieria.com\/index.php\/tutoriales-de-plcs\/#primaryimage\"},\"image\":{\"@id\":\"https:\/\/domandoingenieria.com\/index.php\/tutoriales-de-plcs\/#primaryimage\"},\"thumbnailUrl\":\"http:\/\/domandoingenieria.com\/wp-content\/uploads\/2022\/03\/siemensplcs.png\",\"datePublished\":\"2022-03-01T07:08:55+00:00\",\"dateModified\":\"2023-03-27T23:27:43+00:00\",\"description\":\"Con tutoriales de PLCs, estar\u00e1s listo para desarrollar aplicaciones industriales y acceder a mejores puestos laborales como ingeniero.\",\"breadcrumb\":{\"@id\":\"https:\/\/domandoingenieria.com\/index.php\/tutoriales-de-plcs\/#breadcrumb\"},\"inLanguage\":\"es\",\"potentialAction\":[{\"@type\":\"ReadAction\",\"target\":[\"https:\/\/domandoingenieria.com\/index.php\/tutoriales-de-plcs\/\"]}]},{\"@type\":\"ImageObject\",\"inLanguage\":\"es\",\"@id\":\"https:\/\/domandoingenieria.com\/index.php\/tutoriales-de-plcs\/#primaryimage\",\"url\":\"https:\/\/domandoingenieria.com\/wp-content\/uploads\/2022\/03\/siemensplcs.png\",\"contentUrl\":\"https:\/\/domandoingenieria.com\/wp-content\/uploads\/2022\/03\/siemensplcs.png\",\"width\":577,\"height\":433},{\"@type\":\"BreadcrumbList\",\"@id\":\"https:\/\/domandoingenieria.com\/index.php\/tutoriales-de-plcs\/#breadcrumb\",\"itemListElement\":[{\"@type\":\"ListItem\",\"position\":1,\"name\":\"Portada\",\"item\":\"https:\/\/domandoingenieria.com\/\"},{\"@type\":\"ListItem\",\"position\":2,\"name\":\"Tutoriales de PLCs (Programaci\u00f3n Escalera)\"}]},{\"@type\":\"WebSite\",\"@id\":\"https:\/\/domandoingenieria.com\/#website\",\"url\":\"https:\/\/domandoingenieria.com\/\",\"name\":\"Domando Ingenier\u00eda\",\"description\":\"Lo mejor en tutoriales, noticias, trucos, c\u00f3digos y soluciones de ingenier\u00eda electr\u00f3nica y mecatr\u00f3nica para todos.\",\"publisher\":{\"@id\":\"https:\/\/domandoingenieria.com\/#organization\"},\"potentialAction\":[{\"@type\":\"SearchAction\",\"target\":{\"@type\":\"EntryPoint\",\"urlTemplate\":\"https:\/\/domandoingenieria.com\/?s={search_term_string}\"},\"query-input\":\"required name=search_term_string\"}],\"inLanguage\":\"es\"},{\"@type\":\"Organization\",\"@id\":\"https:\/\/domandoingenieria.com\/#organization\",\"name\":\"Domando Ingenier\u00eda\",\"url\":\"https:\/\/domandoingenieria.com\/\",\"logo\":{\"@type\":\"ImageObject\",\"inLanguage\":\"es\",\"@id\":\"https:\/\/domandoingenieria.com\/#\/schema\/logo\/image\/\",\"url\":\"https:\/\/domandoingenieria.com\/wp-content\/uploads\/2023\/01\/LogoDomandoIngenieriaMini.jpg\",\"contentUrl\":\"https:\/\/domandoingenieria.com\/wp-content\/uploads\/2023\/01\/LogoDomandoIngenieriaMini.jpg\",\"width\":75,\"height\":75,\"caption\":\"Domando Ingenier\u00eda\"},\"image\":{\"@id\":\"https:\/\/domandoingenieria.com\/#\/schema\/logo\/image\/\"}}]}<\/script>\n<!-- \/ Yoast SEO plugin. -->","yoast_head_json":{"title":"Tutoriales de PLCs (Programaci\u00f3n Escalera) - Domando Ingenier\u00eda","description":"Con tutoriales de PLCs, estar\u00e1s listo para desarrollar aplicaciones industriales y acceder a mejores puestos laborales como ingeniero.","robots":{"index":"index","follow":"follow","max-snippet":"max-snippet:-1","max-image-preview":"max-image-preview:large","max-video-preview":"max-video-preview:-1"},"canonical":"https:\/\/domandoingenieria.com\/index.php\/tutoriales-de-plcs\/","og_locale":"es_ES","og_type":"article","og_title":"Tutoriales de PLCs (Programaci\u00f3n Escalera) - Domando Ingenier\u00eda","og_description":"Con tutoriales de PLCs, estar\u00e1s listo para desarrollar aplicaciones industriales y acceder a mejores puestos laborales como ingeniero.","og_url":"https:\/\/domandoingenieria.com\/index.php\/tutoriales-de-plcs\/","og_site_name":"Domando Ingenier\u00eda","article_modified_time":"2023-03-27T23:27:43+00:00","og_image":[{"url":"http:\/\/domandoingenieria.com\/wp-content\/uploads\/2022\/03\/siemensplcs.png"}],"twitter_card":"summary_large_image","twitter_misc":{"Tiempo de lectura":"2 minutos"},"schema":{"@context":"https:\/\/schema.org","@graph":[{"@type":"WebPage","@id":"https:\/\/domandoingenieria.com\/index.php\/tutoriales-de-plcs\/","url":"https:\/\/domandoingenieria.com\/index.php\/tutoriales-de-plcs\/","name":"Tutoriales de PLCs (Programaci\u00f3n Escalera) - Domando Ingenier\u00eda","isPartOf":{"@id":"https:\/\/domandoingenieria.com\/#website"},"primaryImageOfPage":{"@id":"https:\/\/domandoingenieria.com\/index.php\/tutoriales-de-plcs\/#primaryimage"},"image":{"@id":"https:\/\/domandoingenieria.com\/index.php\/tutoriales-de-plcs\/#primaryimage"},"thumbnailUrl":"http:\/\/domandoingenieria.com\/wp-content\/uploads\/2022\/03\/siemensplcs.png","datePublished":"2022-03-01T07:08:55+00:00","dateModified":"2023-03-27T23:27:43+00:00","description":"Con tutoriales de PLCs, estar\u00e1s listo para desarrollar aplicaciones industriales y acceder a mejores puestos laborales como ingeniero.","breadcrumb":{"@id":"https:\/\/domandoingenieria.com\/index.php\/tutoriales-de-plcs\/#breadcrumb"},"inLanguage":"es","potentialAction":[{"@type":"ReadAction","target":["https:\/\/domandoingenieria.com\/index.php\/tutoriales-de-plcs\/"]}]},{"@type":"ImageObject","inLanguage":"es","@id":"https:\/\/domandoingenieria.com\/index.php\/tutoriales-de-plcs\/#primaryimage","url":"https:\/\/domandoingenieria.com\/wp-content\/uploads\/2022\/03\/siemensplcs.png","contentUrl":"https:\/\/domandoingenieria.com\/wp-content\/uploads\/2022\/03\/siemensplcs.png","width":577,"height":433},{"@type":"BreadcrumbList","@id":"https:\/\/domandoingenieria.com\/index.php\/tutoriales-de-plcs\/#breadcrumb","itemListElement":[{"@type":"ListItem","position":1,"name":"Portada","item":"https:\/\/domandoingenieria.com\/"},{"@type":"ListItem","position":2,"name":"Tutoriales de PLCs (Programaci\u00f3n Escalera)"}]},{"@type":"WebSite","@id":"https:\/\/domandoingenieria.com\/#website","url":"https:\/\/domandoingenieria.com\/","name":"Domando Ingenier\u00eda","description":"Lo mejor en tutoriales, noticias, trucos, c\u00f3digos y soluciones de ingenier\u00eda electr\u00f3nica y mecatr\u00f3nica para todos.","publisher":{"@id":"https:\/\/domandoingenieria.com\/#organization"},"potentialAction":[{"@type":"SearchAction","target":{"@type":"EntryPoint","urlTemplate":"https:\/\/domandoingenieria.com\/?s={search_term_string}"},"query-input":"required name=search_term_string"}],"inLanguage":"es"},{"@type":"Organization","@id":"https:\/\/domandoingenieria.com\/#organization","name":"Domando Ingenier\u00eda","url":"https:\/\/domandoingenieria.com\/","logo":{"@type":"ImageObject","inLanguage":"es","@id":"https:\/\/domandoingenieria.com\/#\/schema\/logo\/image\/","url":"https:\/\/domandoingenieria.com\/wp-content\/uploads\/2023\/01\/LogoDomandoIngenieriaMini.jpg","contentUrl":"https:\/\/domandoingenieria.com\/wp-content\/uploads\/2023\/01\/LogoDomandoIngenieriaMini.jpg","width":75,"height":75,"caption":"Domando Ingenier\u00eda"},"image":{"@id":"https:\/\/domandoingenieria.com\/#\/schema\/logo\/image\/"}}]}},"_links":{"self":[{"href":"https:\/\/domandoingenieria.com\/index.php\/wp-json\/wp\/v2\/pages\/35","targetHints":{"allow":["GET"]}}],"collection":[{"href":"https:\/\/domandoingenieria.com\/index.php\/wp-json\/wp\/v2\/pages"}],"about":[{"href":"https:\/\/domandoingenieria.com\/index.php\/wp-json\/wp\/v2\/types\/page"}],"author":[{"embeddable":true,"href":"https:\/\/domandoingenieria.com\/index.php\/wp-json\/wp\/v2\/users\/1"}],"replies":[{"embeddable":true,"href":"https:\/\/domandoingenieria.com\/index.php\/wp-json\/wp\/v2\/comments?post=35"}],"version-history":[{"count":4,"href":"https:\/\/domandoingenieria.com\/index.php\/wp-json\/wp\/v2\/pages\/35\/revisions"}],"predecessor-version":[{"id":547,"href":"https:\/\/domandoingenieria.com\/index.php\/wp-json\/wp\/v2\/pages\/35\/revisions\/547"}],"wp:attachment":[{"href":"https:\/\/domandoingenieria.com\/index.php\/wp-json\/wp\/v2\/media?parent=35"}],"curies":[{"name":"wp","href":"https:\/\/api.w.org\/{rel}","templated":true}]}}