{"id":33,"date":"2022-03-01T07:08:38","date_gmt":"2022-03-01T07:08:38","guid":{"rendered":"https:\/\/domandoingenieria.com\/?page_id=33"},"modified":"2023-03-27T23:30:07","modified_gmt":"2023-03-27T23:30:07","slug":"proyectos-con-arduino","status":"publish","type":"page","link":"https:\/\/domandoingenieria.com\/index.php\/proyectos-con-arduino\/","title":{"rendered":"Proyectos con Arduino"},"content":{"rendered":"\n<p>Aqu\u00ed te dejamos algunos tutoriales y proyectos con Arduino que te pueden ayudar a comenzar a utilizar la tarjeta para que te familiarices.  Ser\u00e1 cuesti\u00f3n de poco tiempo antes de que est\u00e9s utilizando esta tarjeta popular para crear sistemas de control, robots, drones \u00a1y mucho m\u00e1s!<\/p>\n\n\n<div class=\"wp-block-image\">\n<figure class=\"aligncenter size-full is-resized\"><img loading=\"lazy\" decoding=\"async\" src=\"https:\/\/domandoingenieria.com\/wp-content\/uploads\/2022\/03\/IMG_20220226_100515742_HDR_-_copia-removebg-preview.png\" alt=\"Imagen de Tarjeta Arduino Uno\" class=\"wp-image-97\" width=\"297\" height=\"202\" srcset=\"https:\/\/domandoingenieria.com\/wp-content\/uploads\/2022\/03\/IMG_20220226_100515742_HDR_-_copia-removebg-preview.png 606w, https:\/\/domandoingenieria.com\/wp-content\/uploads\/2022\/03\/IMG_20220226_100515742_HDR_-_copia-removebg-preview-600x408.png 600w, https:\/\/domandoingenieria.com\/wp-content\/uploads\/2022\/03\/IMG_20220226_100515742_HDR_-_copia-removebg-preview-300x204.png 300w\" sizes=\"auto, (max-width: 297px) 100vw, 297px\" \/><figcaption class=\"wp-element-caption\">Tarjeta Arduino Uno.<\/figcaption><\/figure>\n<\/div>\n\n\n<p>Siendo una de las tarjetas de desarrollo m\u00e1s populares para la educaci\u00f3n y prototipado r\u00e1pido, los Arduino llegaron para quedarse.  Claro, hay algunas otras tarjetas que se pueden utilizar para proyectos m\u00e1s avanzados comos los <a href=\"https:\/\/domandoingenieria.com\/index.php\/ejemplos-y-ejercicios-de-vhdl\/\">FPGAs, CPLDs<\/a> y <a href=\"https:\/\/domandoingenieria.com\/index.php\/tutoriales-de-plcs\/\">PLCs<\/a>, pero un Arduino es un excelente lugar para comenzar a crear proyectos reales que interact\u00faen con el mundo.  Lo mejor es que esta tarjeta tiene una comunidad enorme a nivel mundial que te ofrece respuestas, c\u00f3digos y tutoriales de Arduino que te sirven para que desarrolles tu pr\u00f3ximo gran proyecto ahorita mismo.<\/p>\n\n\n\n<p>Domando Ingenier\u00eda te ofrece una variedad de videos, art\u00edculos, presentaciones y m\u00e1s sobre las tarjetas Arduino y sus variantes. Desde tutoriales y <em>reviews<\/em>, hasta <a href=\"https:\/\/domandoingenieria.com\/index.php\/2022\/03\/05\/tips-para-cuidar-tu-arduino-y-diferenciar-un-clon-de-un-original\/\">recomendaciones de cuidado<\/a>, te ayudamos a sacarle el mejor partido a tu tarjeta Arduino.  Si a\u00fan no consigues una tarjeta Arduino, puedes revisar <a href=\"https:\/\/domandoingenieria.com\/index.php\/2022\/03\/01\/primer-arduino-comparacion\/\">cu\u00e1l te conviene como tu primer Arduino<\/a> para saber <a href=\"https:\/\/domandoingenieria.com\/index.php\/2022\/03\/18\/cual-arduino-es-mejor\/\">cu\u00e1l Arduino es el mejor<\/a> para ti. <\/p>\n\n\n\n<h2 class=\"wp-block-heading\">Tips, reviews y recomendaciones de Arduino<\/h2>\n\n\n\n<ul class=\"wp-block-list\">\n<li><a data-type=\"post\" data-id=\"47\" href=\"https:\/\/domandoingenieria.com\/index.php\/2022\/03\/01\/cual-es-el-mejor-arduino-para-mi\/\">\u00bfCu\u00e1l me conviene como mi primer Arduino?<\/a><\/li>\n\n\n\n<li><a href=\"https:\/\/domandoingenieria.com\/index.php\/2022\/03\/18\/cual-arduino-es-mejor\/\">\u00bfCu\u00e1l Arduino es mejor?<\/a><\/li>\n\n\n\n<li><a href=\"https:\/\/domandoingenieria.com\/index.php\/2022\/03\/05\/tips-para-cuidar-tu-arduino-y-diferenciar-un-clon-de-un-original\/\">Tips para cuidar tu Arduino y diferenciar un clon de un original<\/a><\/li>\n<\/ul>\n\n\n\n<h2 class=\"wp-block-heading\">Proyectos b\u00e1sicos con Arduino<\/h2>\n\n\n\n<ul class=\"wp-block-list\">\n<li><a href=\"https:\/\/www.youtube.com\/watch?v=nU00--1Fhh0\">Riego Autom\u00e1tico Con Bomba Sumergible y Arduino<\/a><\/li>\n<\/ul>\n\n\n\n<h2 class=\"wp-block-heading\">Proyectos intermedios<\/h2>\n\n\n\n<ul class=\"wp-block-list\">\n<li><a href=\"https:\/\/youtu.be\/821mUp_Qnng\">C\u00f3mo controlar 110V \/ 220V con un relevador y una tarjeta Arduino<\/a><\/li>\n\n\n\n<li><a href=\"https:\/\/youtu.be\/t4J5T9vgQ2s\">Datalogger\/Registrador de Datos de Sensores en Tarjeta SD<\/a><\/li>\n\n\n\n<li><a href=\"https:\/\/youtu.be\/A-Z9vzR7VL0\">Como Programar Attiny con Arduino Nano para Proyectos con Arduino Simples<\/a><\/li>\n<\/ul>\n\n\n\n<ul class=\"wp-block-list\">\n<li><a data-type=\"post\" data-id=\"47\" href=\"https:\/\/domandoingenieria.com\/index.php\/2022\/03\/01\/cual-es-el-mejor-arduino-para-mi\/\">\u00bfCu\u00e1l me conviene como mi primer Arduino?<\/a><\/li>\n<\/ul>\n","protected":false},"excerpt":{"rendered":"<p>Aqu\u00ed te dejamos algunos tutoriales y proyectos con Arduino que te pueden ayudar a comenzar a utilizar la tarjeta para que te familiarices. Ser\u00e1 cuesti\u00f3n de poco tiempo antes de que est\u00e9s utilizando esta tarjeta popular para crear sistemas de control, robots, drones \u00a1y mucho m\u00e1s! Siendo una de las tarjetas de desarrollo m\u00e1s populares [&hellip;]<\/p>\n","protected":false},"author":1,"featured_media":0,"parent":0,"menu_order":0,"comment_status":"closed","ping_status":"closed","template":"","meta":{"saved_in_kubio":false,"footnotes":""},"class_list":["post-33","page","type-page","status-publish","hentry"],"kubio_ai_page_context":{"short_desc":"","purpose":"general"},"yoast_head":"<!-- This site is optimized with the Yoast SEO plugin v23.0 - https:\/\/yoast.com\/wordpress\/plugins\/seo\/ -->\n<title>Proyectos con Arduino - Domando Ingenier\u00eda<\/title>\n<meta name=\"description\" content=\"Proyectos finales de electr\u00f3nica, tutoriales, reviews, tips y todo lo relacionado con las tarjetas Arduino.\" \/>\n<meta name=\"robots\" content=\"index, follow, max-snippet:-1, max-image-preview:large, max-video-preview:-1\" \/>\n<link rel=\"canonical\" href=\"https:\/\/domandoingenieria.com\/index.php\/proyectos-con-arduino\/\" \/>\n<meta property=\"og:locale\" content=\"es_ES\" \/>\n<meta property=\"og:type\" content=\"article\" \/>\n<meta property=\"og:title\" content=\"Proyectos con Arduino - Domando Ingenier\u00eda\" \/>\n<meta property=\"og:description\" content=\"Proyectos finales de electr\u00f3nica, tutoriales, reviews, tips y todo lo relacionado con las tarjetas Arduino.\" \/>\n<meta property=\"og:url\" content=\"https:\/\/domandoingenieria.com\/index.php\/proyectos-con-arduino\/\" \/>\n<meta property=\"og:site_name\" content=\"Domando Ingenier\u00eda\" \/>\n<meta property=\"article:modified_time\" content=\"2023-03-27T23:30:07+00:00\" \/>\n<meta property=\"og:image\" content=\"https:\/\/domandoingenieria.com\/wp-content\/uploads\/2022\/03\/IMG_20220226_100515742_HDR_-_copia-removebg-preview.png\" \/>\n<meta name=\"twitter:card\" content=\"summary_large_image\" \/>\n<meta name=\"twitter:label1\" content=\"Tiempo de lectura\" \/>\n\t<meta name=\"twitter:data1\" content=\"2 minutos\" \/>\n<script type=\"application\/ld+json\" class=\"yoast-schema-graph\">{\"@context\":\"https:\/\/schema.org\",\"@graph\":[{\"@type\":\"WebPage\",\"@id\":\"https:\/\/domandoingenieria.com\/index.php\/proyectos-con-arduino\/\",\"url\":\"https:\/\/domandoingenieria.com\/index.php\/proyectos-con-arduino\/\",\"name\":\"Proyectos con Arduino - Domando Ingenier\u00eda\",\"isPartOf\":{\"@id\":\"https:\/\/domandoingenieria.com\/#website\"},\"primaryImageOfPage\":{\"@id\":\"https:\/\/domandoingenieria.com\/index.php\/proyectos-con-arduino\/#primaryimage\"},\"image\":{\"@id\":\"https:\/\/domandoingenieria.com\/index.php\/proyectos-con-arduino\/#primaryimage\"},\"thumbnailUrl\":\"https:\/\/domandoingenieria.com\/wp-content\/uploads\/2022\/03\/IMG_20220226_100515742_HDR_-_copia-removebg-preview.png\",\"datePublished\":\"2022-03-01T07:08:38+00:00\",\"dateModified\":\"2023-03-27T23:30:07+00:00\",\"description\":\"Proyectos finales de electr\u00f3nica, tutoriales, reviews, tips y todo lo relacionado con las tarjetas Arduino.\",\"breadcrumb\":{\"@id\":\"https:\/\/domandoingenieria.com\/index.php\/proyectos-con-arduino\/#breadcrumb\"},\"inLanguage\":\"es\",\"potentialAction\":[{\"@type\":\"ReadAction\",\"target\":[\"https:\/\/domandoingenieria.com\/index.php\/proyectos-con-arduino\/\"]}]},{\"@type\":\"ImageObject\",\"inLanguage\":\"es\",\"@id\":\"https:\/\/domandoingenieria.com\/index.php\/proyectos-con-arduino\/#primaryimage\",\"url\":\"https:\/\/domandoingenieria.com\/wp-content\/uploads\/2022\/03\/IMG_20220226_100515742_HDR_-_copia-removebg-preview.png\",\"contentUrl\":\"https:\/\/domandoingenieria.com\/wp-content\/uploads\/2022\/03\/IMG_20220226_100515742_HDR_-_copia-removebg-preview.png\",\"width\":606,\"height\":412},{\"@type\":\"BreadcrumbList\",\"@id\":\"https:\/\/domandoingenieria.com\/index.php\/proyectos-con-arduino\/#breadcrumb\",\"itemListElement\":[{\"@type\":\"ListItem\",\"position\":1,\"name\":\"Portada\",\"item\":\"https:\/\/domandoingenieria.com\/\"},{\"@type\":\"ListItem\",\"position\":2,\"name\":\"Proyectos con Arduino\"}]},{\"@type\":\"WebSite\",\"@id\":\"https:\/\/domandoingenieria.com\/#website\",\"url\":\"https:\/\/domandoingenieria.com\/\",\"name\":\"Domando Ingenier\u00eda\",\"description\":\"Lo mejor en tutoriales, noticias, trucos, c\u00f3digos y soluciones de ingenier\u00eda electr\u00f3nica y mecatr\u00f3nica para todos.\",\"publisher\":{\"@id\":\"https:\/\/domandoingenieria.com\/#organization\"},\"potentialAction\":[{\"@type\":\"SearchAction\",\"target\":{\"@type\":\"EntryPoint\",\"urlTemplate\":\"https:\/\/domandoingenieria.com\/?s={search_term_string}\"},\"query-input\":\"required name=search_term_string\"}],\"inLanguage\":\"es\"},{\"@type\":\"Organization\",\"@id\":\"https:\/\/domandoingenieria.com\/#organization\",\"name\":\"Domando Ingenier\u00eda\",\"url\":\"https:\/\/domandoingenieria.com\/\",\"logo\":{\"@type\":\"ImageObject\",\"inLanguage\":\"es\",\"@id\":\"https:\/\/domandoingenieria.com\/#\/schema\/logo\/image\/\",\"url\":\"https:\/\/domandoingenieria.com\/wp-content\/uploads\/2023\/01\/LogoDomandoIngenieriaMini.jpg\",\"contentUrl\":\"https:\/\/domandoingenieria.com\/wp-content\/uploads\/2023\/01\/LogoDomandoIngenieriaMini.jpg\",\"width\":75,\"height\":75,\"caption\":\"Domando Ingenier\u00eda\"},\"image\":{\"@id\":\"https:\/\/domandoingenieria.com\/#\/schema\/logo\/image\/\"}}]}<\/script>\n<!-- \/ Yoast SEO plugin. -->","yoast_head_json":{"title":"Proyectos con Arduino - Domando Ingenier\u00eda","description":"Proyectos finales de electr\u00f3nica, tutoriales, reviews, tips y todo lo relacionado con las tarjetas Arduino.","robots":{"index":"index","follow":"follow","max-snippet":"max-snippet:-1","max-image-preview":"max-image-preview:large","max-video-preview":"max-video-preview:-1"},"canonical":"https:\/\/domandoingenieria.com\/index.php\/proyectos-con-arduino\/","og_locale":"es_ES","og_type":"article","og_title":"Proyectos con Arduino - Domando Ingenier\u00eda","og_description":"Proyectos finales de electr\u00f3nica, tutoriales, reviews, tips y todo lo relacionado con las tarjetas Arduino.","og_url":"https:\/\/domandoingenieria.com\/index.php\/proyectos-con-arduino\/","og_site_name":"Domando Ingenier\u00eda","article_modified_time":"2023-03-27T23:30:07+00:00","og_image":[{"url":"https:\/\/domandoingenieria.com\/wp-content\/uploads\/2022\/03\/IMG_20220226_100515742_HDR_-_copia-removebg-preview.png"}],"twitter_card":"summary_large_image","twitter_misc":{"Tiempo de lectura":"2 minutos"},"schema":{"@context":"https:\/\/schema.org","@graph":[{"@type":"WebPage","@id":"https:\/\/domandoingenieria.com\/index.php\/proyectos-con-arduino\/","url":"https:\/\/domandoingenieria.com\/index.php\/proyectos-con-arduino\/","name":"Proyectos con Arduino - Domando Ingenier\u00eda","isPartOf":{"@id":"https:\/\/domandoingenieria.com\/#website"},"primaryImageOfPage":{"@id":"https:\/\/domandoingenieria.com\/index.php\/proyectos-con-arduino\/#primaryimage"},"image":{"@id":"https:\/\/domandoingenieria.com\/index.php\/proyectos-con-arduino\/#primaryimage"},"thumbnailUrl":"https:\/\/domandoingenieria.com\/wp-content\/uploads\/2022\/03\/IMG_20220226_100515742_HDR_-_copia-removebg-preview.png","datePublished":"2022-03-01T07:08:38+00:00","dateModified":"2023-03-27T23:30:07+00:00","description":"Proyectos finales de electr\u00f3nica, tutoriales, reviews, tips y todo lo relacionado con las tarjetas Arduino.","breadcrumb":{"@id":"https:\/\/domandoingenieria.com\/index.php\/proyectos-con-arduino\/#breadcrumb"},"inLanguage":"es","potentialAction":[{"@type":"ReadAction","target":["https:\/\/domandoingenieria.com\/index.php\/proyectos-con-arduino\/"]}]},{"@type":"ImageObject","inLanguage":"es","@id":"https:\/\/domandoingenieria.com\/index.php\/proyectos-con-arduino\/#primaryimage","url":"https:\/\/domandoingenieria.com\/wp-content\/uploads\/2022\/03\/IMG_20220226_100515742_HDR_-_copia-removebg-preview.png","contentUrl":"https:\/\/domandoingenieria.com\/wp-content\/uploads\/2022\/03\/IMG_20220226_100515742_HDR_-_copia-removebg-preview.png","width":606,"height":412},{"@type":"BreadcrumbList","@id":"https:\/\/domandoingenieria.com\/index.php\/proyectos-con-arduino\/#breadcrumb","itemListElement":[{"@type":"ListItem","position":1,"name":"Portada","item":"https:\/\/domandoingenieria.com\/"},{"@type":"ListItem","position":2,"name":"Proyectos con Arduino"}]},{"@type":"WebSite","@id":"https:\/\/domandoingenieria.com\/#website","url":"https:\/\/domandoingenieria.com\/","name":"Domando Ingenier\u00eda","description":"Lo mejor en tutoriales, noticias, trucos, c\u00f3digos y soluciones de ingenier\u00eda electr\u00f3nica y mecatr\u00f3nica para todos.","publisher":{"@id":"https:\/\/domandoingenieria.com\/#organization"},"potentialAction":[{"@type":"SearchAction","target":{"@type":"EntryPoint","urlTemplate":"https:\/\/domandoingenieria.com\/?s={search_term_string}"},"query-input":"required name=search_term_string"}],"inLanguage":"es"},{"@type":"Organization","@id":"https:\/\/domandoingenieria.com\/#organization","name":"Domando Ingenier\u00eda","url":"https:\/\/domandoingenieria.com\/","logo":{"@type":"ImageObject","inLanguage":"es","@id":"https:\/\/domandoingenieria.com\/#\/schema\/logo\/image\/","url":"https:\/\/domandoingenieria.com\/wp-content\/uploads\/2023\/01\/LogoDomandoIngenieriaMini.jpg","contentUrl":"https:\/\/domandoingenieria.com\/wp-content\/uploads\/2023\/01\/LogoDomandoIngenieriaMini.jpg","width":75,"height":75,"caption":"Domando Ingenier\u00eda"},"image":{"@id":"https:\/\/domandoingenieria.com\/#\/schema\/logo\/image\/"}}]}},"_links":{"self":[{"href":"https:\/\/domandoingenieria.com\/index.php\/wp-json\/wp\/v2\/pages\/33","targetHints":{"allow":["GET"]}}],"collection":[{"href":"https:\/\/domandoingenieria.com\/index.php\/wp-json\/wp\/v2\/pages"}],"about":[{"href":"https:\/\/domandoingenieria.com\/index.php\/wp-json\/wp\/v2\/types\/page"}],"author":[{"embeddable":true,"href":"https:\/\/domandoingenieria.com\/index.php\/wp-json\/wp\/v2\/users\/1"}],"replies":[{"embeddable":true,"href":"https:\/\/domandoingenieria.com\/index.php\/wp-json\/wp\/v2\/comments?post=33"}],"version-history":[{"count":7,"href":"https:\/\/domandoingenieria.com\/index.php\/wp-json\/wp\/v2\/pages\/33\/revisions"}],"predecessor-version":[{"id":549,"href":"https:\/\/domandoingenieria.com\/index.php\/wp-json\/wp\/v2\/pages\/33\/revisions\/549"}],"wp:attachment":[{"href":"https:\/\/domandoingenieria.com\/index.php\/wp-json\/wp\/v2\/media?parent=33"}],"curies":[{"name":"wp","href":"https:\/\/api.w.org\/{rel}","templated":true}]}}