{"id":24,"date":"2022-03-02T03:44:32","date_gmt":"2022-03-02T03:44:32","guid":{"rendered":"https:\/\/domandoingenieria.com\/?page_id=24"},"modified":"2022-03-05T22:44:51","modified_gmt":"2022-03-05T22:44:51","slug":"contacto","status":"publish","type":"page","link":"https:\/\/domandoingenieria.com\/index.php\/contacto\/","title":{"rendered":"Contacto"},"content":{"rendered":"\n<p>\u00bfTienes alguna duda, comentario o solicitud?  \u00a1Cu\u00e9ntanos todo!  Llena el siguiente formulario y nos pondremos en contacto a la brevedad.<\/p>\n\n\n\n<div class=\"wp-block-contact-form-7-contact-form-selector\">\n<div class=\"wpcf7 no-js\" id=\"wpcf7-f61-o1\" lang=\"es-ES\" dir=\"ltr\">\n<div class=\"screen-reader-response\"><p role=\"status\" aria-live=\"polite\" aria-atomic=\"true\"><\/p> <ul><\/ul><\/div>\n<form action=\"\/index.php\/wp-json\/wp\/v2\/pages\/24#wpcf7-f61-o1\" method=\"post\" class=\"wpcf7-form init\" aria-label=\"Formulario de contacto\" novalidate=\"novalidate\" data-status=\"init\">\n<div style=\"display: none;\">\n<input type=\"hidden\" name=\"_wpcf7\" value=\"61\" \/>\n<input type=\"hidden\" name=\"_wpcf7_version\" value=\"5.9.7\" \/>\n<input type=\"hidden\" name=\"_wpcf7_locale\" value=\"es_ES\" \/>\n<input type=\"hidden\" name=\"_wpcf7_unit_tag\" value=\"wpcf7-f61-o1\" \/>\n<input type=\"hidden\" name=\"_wpcf7_container_post\" value=\"0\" \/>\n<input type=\"hidden\" name=\"_wpcf7_posted_data_hash\" value=\"\" \/>\n<\/div>\n<p><label> Tu nombre<br \/>\n<span class=\"wpcf7-form-control-wrap\" data-name=\"your-name\"><input size=\"40\" maxlength=\"400\" class=\"wpcf7-form-control wpcf7-text wpcf7-validates-as-required\" aria-required=\"true\" aria-invalid=\"false\" value=\"\" type=\"text\" name=\"your-name\" \/><\/span> <\/label>\n<\/p>\n<p><label> Tu correo electr\u00f3nico<br \/>\n<span class=\"wpcf7-form-control-wrap\" data-name=\"your-email\"><input size=\"40\" maxlength=\"400\" class=\"wpcf7-form-control wpcf7-email wpcf7-validates-as-required wpcf7-text wpcf7-validates-as-email\" aria-required=\"true\" aria-invalid=\"false\" value=\"\" type=\"email\" name=\"your-email\" \/><\/span> <\/label>\n<\/p>\n<p><label> Asunto<br \/>\n<span class=\"wpcf7-form-control-wrap\" data-name=\"your-subject\"><input size=\"40\" maxlength=\"400\" class=\"wpcf7-form-control wpcf7-text wpcf7-validates-as-required\" aria-required=\"true\" aria-invalid=\"false\" value=\"\" type=\"text\" name=\"your-subject\" \/><\/span> <\/label>\n<\/p>\n<p><label> Tu mensaje (opcional)<br \/>\n<span class=\"wpcf7-form-control-wrap\" data-name=\"your-message\"><textarea cols=\"40\" rows=\"10\" maxlength=\"2000\" class=\"wpcf7-form-control wpcf7-textarea\" aria-invalid=\"false\" name=\"your-message\"><\/textarea><\/span> <\/label>\n<\/p>\n<p><input class=\"wpcf7-form-control wpcf7-submit has-spinner\" type=\"submit\" value=\"Enviar\" \/>\n<\/p><p style=\"display: none !important;\" class=\"akismet-fields-container\" data-prefix=\"_wpcf7_ak_\"><label>&#916;<textarea name=\"_wpcf7_ak_hp_textarea\" cols=\"45\" rows=\"8\" maxlength=\"100\"><\/textarea><\/label><input type=\"hidden\" id=\"ak_js_1\" name=\"_wpcf7_ak_js\" value=\"229\"\/><script>document.getElementById( \"ak_js_1\" ).setAttribute( \"value\", ( new Date() ).getTime() );<\/script><\/p><div class=\"wpcf7-response-output\" aria-hidden=\"true\"><\/div>\n<\/form>\n<\/div>\n<\/div>\n\n\n\n<p>O escr\u00edbenos a:<\/p>\n\n\n\n<figure class=\"wp-block-image size-full is-resized\"><img loading=\"lazy\" decoding=\"async\" src=\"https:\/\/domandoingenieria.com\/wp-content\/uploads\/2022\/03\/contactodi.png\" alt=\"\" class=\"wp-image-64\" width=\"323\" height=\"21\" srcset=\"https:\/\/domandoingenieria.com\/wp-content\/uploads\/2022\/03\/contactodi.png 503w, https:\/\/domandoingenieria.com\/wp-content\/uploads\/2022\/03\/contactodi-300x20.png 300w\" sizes=\"auto, (max-width: 323px) 100vw, 323px\" \/><\/figure>\n\n\n\n<p>\u00bfPrefieres contactarnos en nuestras redes? \u00a1Adelante!<\/p>\n\n\n\n<ul class=\"wp-block-social-links is-layout-flex wp-block-social-links-is-layout-flex\">\n\n\n\n\n\n<li class=\"wp-social-link wp-social-link-twitter  wp-block-social-link\"><a href=\"https:\/\/twitter.com\/DomandoIng\" class=\"wp-block-social-link-anchor\"><svg width=\"24\" height=\"24\" viewBox=\"0 0 24 24\" version=\"1.1\" xmlns=\"http:\/\/www.w3.org\/2000\/svg\" aria-hidden=\"true\" focusable=\"false\"><path d=\"M22.23,5.924c-0.736,0.326-1.527,0.547-2.357,0.646c0.847-0.508,1.498-1.312,1.804-2.27 c-0.793,0.47-1.671,0.812-2.606,0.996C18.324,4.498,17.257,4,16.077,4c-2.266,0-4.103,1.837-4.103,4.103 c0,0.322,0.036,0.635,0.106,0.935C8.67,8.867,5.647,7.234,3.623,4.751C3.27,5.357,3.067,6.062,3.067,6.814 c0,1.424,0.724,2.679,1.825,3.415c-0.673-0.021-1.305-0.206-1.859-0.513c0,0.017,0,0.034,0,0.052c0,1.988,1.414,3.647,3.292,4.023 c-0.344,0.094-0.707,0.144-1.081,0.144c-0.264,0-0.521-0.026-0.772-0.074c0.522,1.63,2.038,2.816,3.833,2.85 c-1.404,1.1-3.174,1.756-5.096,1.756c-0.331,0-0.658-0.019-0.979-0.057c1.816,1.164,3.973,1.843,6.29,1.843 c7.547,0,11.675-6.252,11.675-11.675c0-0.178-0.004-0.355-0.012-0.531C20.985,7.47,21.68,6.747,22.23,5.924z\"><\/path><\/svg><span class=\"wp-block-social-link-label screen-reader-text\">Twitter<\/span><\/a><\/li>\n\n<li class=\"wp-social-link wp-social-link-youtube  wp-block-social-link\"><a href=\"https:\/\/www.youtube.com\/channel\/UC4l_rsWoPPi8weKHFPqRaQg\" class=\"wp-block-social-link-anchor\"><svg width=\"24\" height=\"24\" viewBox=\"0 0 24 24\" version=\"1.1\" xmlns=\"http:\/\/www.w3.org\/2000\/svg\" aria-hidden=\"true\" focusable=\"false\"><path d=\"M21.8,8.001c0,0-0.195-1.378-0.795-1.985c-0.76-0.797-1.613-0.801-2.004-0.847c-2.799-0.202-6.997-0.202-6.997-0.202 h-0.009c0,0-4.198,0-6.997,0.202C4.608,5.216,3.756,5.22,2.995,6.016C2.395,6.623,2.2,8.001,2.2,8.001S2,9.62,2,11.238v1.517 c0,1.618,0.2,3.237,0.2,3.237s0.195,1.378,0.795,1.985c0.761,0.797,1.76,0.771,2.205,0.855c1.6,0.153,6.8,0.201,6.8,0.201 s4.203-0.006,7.001-0.209c0.391-0.047,1.243-0.051,2.004-0.847c0.6-0.607,0.795-1.985,0.795-1.985s0.2-1.618,0.2-3.237v-1.517 C22,9.62,21.8,8.001,21.8,8.001z M9.935,14.594l-0.001-5.62l5.404,2.82L9.935,14.594z\"><\/path><\/svg><span class=\"wp-block-social-link-label screen-reader-text\">YouTube<\/span><\/a><\/li><\/ul>\n\n\n\n<p><\/p>\n","protected":false},"excerpt":{"rendered":"<p>\u00bfTienes alguna duda, comentario o solicitud? \u00a1Cu\u00e9ntanos todo! Llena el siguiente formulario y nos pondremos en contacto a la brevedad. O escr\u00edbenos a: \u00bfPrefieres contactarnos en nuestras redes? \u00a1Adelante!<\/p>\n","protected":false},"author":1,"featured_media":0,"parent":0,"menu_order":0,"comment_status":"closed","ping_status":"closed","template":"","meta":{"saved_in_kubio":false,"footnotes":""},"class_list":["post-24","page","type-page","status-publish","hentry"],"kubio_ai_page_context":{"short_desc":"","purpose":"general"},"yoast_head":"<!-- This site is optimized with the Yoast SEO plugin v23.0 - https:\/\/yoast.com\/wordpress\/plugins\/seo\/ -->\n<title>Contacto - Domando Ingenier\u00eda<\/title>\n<meta name=\"description\" content=\"\u00bfBuscas apoyar el proyecto? \u00bfTe gustar\u00eda solicitar alg\u00fan servicio? Llena el formulario y nos pondremos en contacto contigo.\" \/>\n<meta name=\"robots\" content=\"index, follow, max-snippet:-1, max-image-preview:large, max-video-preview:-1\" \/>\n<link rel=\"canonical\" href=\"https:\/\/domandoingenieria.com\/index.php\/contacto\/\" \/>\n<meta property=\"og:locale\" content=\"es_ES\" \/>\n<meta property=\"og:type\" content=\"article\" \/>\n<meta property=\"og:title\" content=\"Contacto - Domando Ingenier\u00eda\" \/>\n<meta property=\"og:description\" content=\"\u00bfBuscas apoyar el proyecto? \u00bfTe gustar\u00eda solicitar alg\u00fan servicio? Llena el formulario y nos pondremos en contacto contigo.\" \/>\n<meta property=\"og:url\" content=\"https:\/\/domandoingenieria.com\/index.php\/contacto\/\" \/>\n<meta property=\"og:site_name\" content=\"Domando Ingenier\u00eda\" \/>\n<meta property=\"article:modified_time\" content=\"2022-03-05T22:44:51+00:00\" \/>\n<meta property=\"og:image\" content=\"https:\/\/domandoingenieria.com\/wp-content\/uploads\/2022\/03\/contactodi.png\" \/>\n<meta name=\"twitter:card\" content=\"summary_large_image\" \/>\n<meta name=\"twitter:label1\" content=\"Tiempo de lectura\" \/>\n\t<meta name=\"twitter:data1\" content=\"1 minuto\" \/>\n<script type=\"application\/ld+json\" class=\"yoast-schema-graph\">{\"@context\":\"https:\/\/schema.org\",\"@graph\":[{\"@type\":\"WebPage\",\"@id\":\"https:\/\/domandoingenieria.com\/index.php\/contacto\/\",\"url\":\"https:\/\/domandoingenieria.com\/index.php\/contacto\/\",\"name\":\"Contacto - Domando Ingenier\u00eda\",\"isPartOf\":{\"@id\":\"https:\/\/domandoingenieria.com\/#website\"},\"primaryImageOfPage\":{\"@id\":\"https:\/\/domandoingenieria.com\/index.php\/contacto\/#primaryimage\"},\"image\":{\"@id\":\"https:\/\/domandoingenieria.com\/index.php\/contacto\/#primaryimage\"},\"thumbnailUrl\":\"https:\/\/domandoingenieria.com\/wp-content\/uploads\/2022\/03\/contactodi.png\",\"datePublished\":\"2022-03-02T03:44:32+00:00\",\"dateModified\":\"2022-03-05T22:44:51+00:00\",\"description\":\"\u00bfBuscas apoyar el proyecto? \u00bfTe gustar\u00eda solicitar alg\u00fan servicio? Llena el formulario y nos pondremos en contacto contigo.\",\"breadcrumb\":{\"@id\":\"https:\/\/domandoingenieria.com\/index.php\/contacto\/#breadcrumb\"},\"inLanguage\":\"es\",\"potentialAction\":[{\"@type\":\"ReadAction\",\"target\":[\"https:\/\/domandoingenieria.com\/index.php\/contacto\/\"]}]},{\"@type\":\"ImageObject\",\"inLanguage\":\"es\",\"@id\":\"https:\/\/domandoingenieria.com\/index.php\/contacto\/#primaryimage\",\"url\":\"https:\/\/domandoingenieria.com\/wp-content\/uploads\/2022\/03\/contactodi.png\",\"contentUrl\":\"https:\/\/domandoingenieria.com\/wp-content\/uploads\/2022\/03\/contactodi.png\",\"width\":503,\"height\":33},{\"@type\":\"BreadcrumbList\",\"@id\":\"https:\/\/domandoingenieria.com\/index.php\/contacto\/#breadcrumb\",\"itemListElement\":[{\"@type\":\"ListItem\",\"position\":1,\"name\":\"Portada\",\"item\":\"https:\/\/domandoingenieria.com\/\"},{\"@type\":\"ListItem\",\"position\":2,\"name\":\"Contacto\"}]},{\"@type\":\"WebSite\",\"@id\":\"https:\/\/domandoingenieria.com\/#website\",\"url\":\"https:\/\/domandoingenieria.com\/\",\"name\":\"Domando Ingenier\u00eda\",\"description\":\"Lo mejor en tutoriales, noticias, trucos, c\u00f3digos y soluciones de ingenier\u00eda electr\u00f3nica y mecatr\u00f3nica para todos.\",\"publisher\":{\"@id\":\"https:\/\/domandoingenieria.com\/#organization\"},\"potentialAction\":[{\"@type\":\"SearchAction\",\"target\":{\"@type\":\"EntryPoint\",\"urlTemplate\":\"https:\/\/domandoingenieria.com\/?s={search_term_string}\"},\"query-input\":\"required name=search_term_string\"}],\"inLanguage\":\"es\"},{\"@type\":\"Organization\",\"@id\":\"https:\/\/domandoingenieria.com\/#organization\",\"name\":\"Domando Ingenier\u00eda\",\"url\":\"https:\/\/domandoingenieria.com\/\",\"logo\":{\"@type\":\"ImageObject\",\"inLanguage\":\"es\",\"@id\":\"https:\/\/domandoingenieria.com\/#\/schema\/logo\/image\/\",\"url\":\"https:\/\/domandoingenieria.com\/wp-content\/uploads\/2023\/01\/LogoDomandoIngenieriaMini.jpg\",\"contentUrl\":\"https:\/\/domandoingenieria.com\/wp-content\/uploads\/2023\/01\/LogoDomandoIngenieriaMini.jpg\",\"width\":75,\"height\":75,\"caption\":\"Domando Ingenier\u00eda\"},\"image\":{\"@id\":\"https:\/\/domandoingenieria.com\/#\/schema\/logo\/image\/\"}}]}<\/script>\n<!-- \/ Yoast SEO plugin. -->","yoast_head_json":{"title":"Contacto - Domando Ingenier\u00eda","description":"\u00bfBuscas apoyar el proyecto? \u00bfTe gustar\u00eda solicitar alg\u00fan servicio? Llena el formulario y nos pondremos en contacto contigo.","robots":{"index":"index","follow":"follow","max-snippet":"max-snippet:-1","max-image-preview":"max-image-preview:large","max-video-preview":"max-video-preview:-1"},"canonical":"https:\/\/domandoingenieria.com\/index.php\/contacto\/","og_locale":"es_ES","og_type":"article","og_title":"Contacto - Domando Ingenier\u00eda","og_description":"\u00bfBuscas apoyar el proyecto? \u00bfTe gustar\u00eda solicitar alg\u00fan servicio? Llena el formulario y nos pondremos en contacto contigo.","og_url":"https:\/\/domandoingenieria.com\/index.php\/contacto\/","og_site_name":"Domando Ingenier\u00eda","article_modified_time":"2022-03-05T22:44:51+00:00","og_image":[{"url":"https:\/\/domandoingenieria.com\/wp-content\/uploads\/2022\/03\/contactodi.png"}],"twitter_card":"summary_large_image","twitter_misc":{"Tiempo de lectura":"1 minuto"},"schema":{"@context":"https:\/\/schema.org","@graph":[{"@type":"WebPage","@id":"https:\/\/domandoingenieria.com\/index.php\/contacto\/","url":"https:\/\/domandoingenieria.com\/index.php\/contacto\/","name":"Contacto - Domando Ingenier\u00eda","isPartOf":{"@id":"https:\/\/domandoingenieria.com\/#website"},"primaryImageOfPage":{"@id":"https:\/\/domandoingenieria.com\/index.php\/contacto\/#primaryimage"},"image":{"@id":"https:\/\/domandoingenieria.com\/index.php\/contacto\/#primaryimage"},"thumbnailUrl":"https:\/\/domandoingenieria.com\/wp-content\/uploads\/2022\/03\/contactodi.png","datePublished":"2022-03-02T03:44:32+00:00","dateModified":"2022-03-05T22:44:51+00:00","description":"\u00bfBuscas apoyar el proyecto? \u00bfTe gustar\u00eda solicitar alg\u00fan servicio? Llena el formulario y nos pondremos en contacto contigo.","breadcrumb":{"@id":"https:\/\/domandoingenieria.com\/index.php\/contacto\/#breadcrumb"},"inLanguage":"es","potentialAction":[{"@type":"ReadAction","target":["https:\/\/domandoingenieria.com\/index.php\/contacto\/"]}]},{"@type":"ImageObject","inLanguage":"es","@id":"https:\/\/domandoingenieria.com\/index.php\/contacto\/#primaryimage","url":"https:\/\/domandoingenieria.com\/wp-content\/uploads\/2022\/03\/contactodi.png","contentUrl":"https:\/\/domandoingenieria.com\/wp-content\/uploads\/2022\/03\/contactodi.png","width":503,"height":33},{"@type":"BreadcrumbList","@id":"https:\/\/domandoingenieria.com\/index.php\/contacto\/#breadcrumb","itemListElement":[{"@type":"ListItem","position":1,"name":"Portada","item":"https:\/\/domandoingenieria.com\/"},{"@type":"ListItem","position":2,"name":"Contacto"}]},{"@type":"WebSite","@id":"https:\/\/domandoingenieria.com\/#website","url":"https:\/\/domandoingenieria.com\/","name":"Domando Ingenier\u00eda","description":"Lo mejor en tutoriales, noticias, trucos, c\u00f3digos y soluciones de ingenier\u00eda electr\u00f3nica y mecatr\u00f3nica para todos.","publisher":{"@id":"https:\/\/domandoingenieria.com\/#organization"},"potentialAction":[{"@type":"SearchAction","target":{"@type":"EntryPoint","urlTemplate":"https:\/\/domandoingenieria.com\/?s={search_term_string}"},"query-input":"required name=search_term_string"}],"inLanguage":"es"},{"@type":"Organization","@id":"https:\/\/domandoingenieria.com\/#organization","name":"Domando Ingenier\u00eda","url":"https:\/\/domandoingenieria.com\/","logo":{"@type":"ImageObject","inLanguage":"es","@id":"https:\/\/domandoingenieria.com\/#\/schema\/logo\/image\/","url":"https:\/\/domandoingenieria.com\/wp-content\/uploads\/2023\/01\/LogoDomandoIngenieriaMini.jpg","contentUrl":"https:\/\/domandoingenieria.com\/wp-content\/uploads\/2023\/01\/LogoDomandoIngenieriaMini.jpg","width":75,"height":75,"caption":"Domando Ingenier\u00eda"},"image":{"@id":"https:\/\/domandoingenieria.com\/#\/schema\/logo\/image\/"}}]}},"_links":{"self":[{"href":"https:\/\/domandoingenieria.com\/index.php\/wp-json\/wp\/v2\/pages\/24","targetHints":{"allow":["GET"]}}],"collection":[{"href":"https:\/\/domandoingenieria.com\/index.php\/wp-json\/wp\/v2\/pages"}],"about":[{"href":"https:\/\/domandoingenieria.com\/index.php\/wp-json\/wp\/v2\/types\/page"}],"author":[{"embeddable":true,"href":"https:\/\/domandoingenieria.com\/index.php\/wp-json\/wp\/v2\/users\/1"}],"replies":[{"embeddable":true,"href":"https:\/\/domandoingenieria.com\/index.php\/wp-json\/wp\/v2\/comments?post=24"}],"version-history":[{"count":4,"href":"https:\/\/domandoingenieria.com\/index.php\/wp-json\/wp\/v2\/pages\/24\/revisions"}],"predecessor-version":[{"id":68,"href":"https:\/\/domandoingenieria.com\/index.php\/wp-json\/wp\/v2\/pages\/24\/revisions\/68"}],"wp:attachment":[{"href":"https:\/\/domandoingenieria.com\/index.php\/wp-json\/wp\/v2\/media?parent=24"}],"curies":[{"name":"wp","href":"https:\/\/api.w.org\/{rel}","templated":true}]}}