{"id":21,"date":"2022-03-01T06:54:13","date_gmt":"2022-03-01T06:54:13","guid":{"rendered":"https:\/\/domandoingenieria.com\/?page_id=21"},"modified":"2022-03-01T07:04:56","modified_gmt":"2022-03-01T07:04:56","slug":"acerca-de-nosotros","status":"publish","type":"page","link":"https:\/\/domandoingenieria.com\/index.php\/acerca-de-nosotros\/","title":{"rendered":"Acerca de nosotros"},"content":{"rendered":"\n<h4 class=\"wp-block-heading\">Nuestra historia<\/h4>\n\n\n\n<p>Nuestra principal motivaci\u00f3n&#8230;.<\/p>\n\n\n\n<h4 class=\"wp-block-heading\">Nuestra filosof\u00eda<\/h4>\n\n\n\n<p>Creemos firmemente en un<\/p>\n\n\n\n<h5 class=\"wp-block-heading\">Misi\u00f3n<\/h5>\n\n\n\n<p>Ser<\/p>\n\n\n\n<h5 class=\"wp-block-heading\">Visi\u00f3n<\/h5>\n\n\n\n<p>Alcanzar<\/p>\n\n\n\n<h5 class=\"wp-block-heading\">Valores<\/h5>\n\n\n\n<ul class=\"wp-block-list\"><li>Respeto<\/li><li>Solidaridad<\/li><li>Empat\u00eda<\/li><li>Sinceridad<\/li><\/ul>\n\n\n\n<p><\/p>\n","protected":false},"excerpt":{"rendered":"<p>Nuestra historia Nuestra principal motivaci\u00f3n&#8230;. Nuestra filosof\u00eda Creemos firmemente en un Misi\u00f3n Ser Visi\u00f3n Alcanzar Valores Respeto Solidaridad Empat\u00eda Sinceridad<\/p>\n","protected":false},"author":1,"featured_media":0,"parent":0,"menu_order":0,"comment_status":"closed","ping_status":"closed","template":"","meta":{"saved_in_kubio":false,"footnotes":""},"class_list":["post-21","page","type-page","status-publish","hentry"],"kubio_ai_page_context":{"short_desc":"","purpose":"general"},"yoast_head":"<!-- This site is optimized with the Yoast SEO plugin v23.0 - https:\/\/yoast.com\/wordpress\/plugins\/seo\/ -->\n<title>Acerca de nosotros - Domando Ingenier\u00eda<\/title>\n<meta name=\"robots\" content=\"index, follow, max-snippet:-1, max-image-preview:large, max-video-preview:-1\" \/>\n<link rel=\"canonical\" href=\"https:\/\/domandoingenieria.com\/index.php\/acerca-de-nosotros\/\" \/>\n<meta property=\"og:locale\" content=\"es_ES\" \/>\n<meta property=\"og:type\" content=\"article\" \/>\n<meta property=\"og:title\" content=\"Acerca de nosotros - Domando Ingenier\u00eda\" \/>\n<meta property=\"og:description\" content=\"Nuestra historia Nuestra principal motivaci\u00f3n&#8230;. Nuestra filosof\u00eda Creemos firmemente en un Misi\u00f3n Ser Visi\u00f3n Alcanzar Valores Respeto Solidaridad Empat\u00eda Sinceridad\" \/>\n<meta property=\"og:url\" content=\"https:\/\/domandoingenieria.com\/index.php\/acerca-de-nosotros\/\" \/>\n<meta property=\"og:site_name\" content=\"Domando Ingenier\u00eda\" \/>\n<meta property=\"article:modified_time\" content=\"2022-03-01T07:04:56+00:00\" \/>\n<meta name=\"twitter:card\" content=\"summary_large_image\" \/>\n<script type=\"application\/ld+json\" class=\"yoast-schema-graph\">{\"@context\":\"https:\/\/schema.org\",\"@graph\":[{\"@type\":\"WebPage\",\"@id\":\"https:\/\/domandoingenieria.com\/index.php\/acerca-de-nosotros\/\",\"url\":\"https:\/\/domandoingenieria.com\/index.php\/acerca-de-nosotros\/\",\"name\":\"Acerca de nosotros - Domando Ingenier\u00eda\",\"isPartOf\":{\"@id\":\"https:\/\/domandoingenieria.com\/#website\"},\"datePublished\":\"2022-03-01T06:54:13+00:00\",\"dateModified\":\"2022-03-01T07:04:56+00:00\",\"breadcrumb\":{\"@id\":\"https:\/\/domandoingenieria.com\/index.php\/acerca-de-nosotros\/#breadcrumb\"},\"inLanguage\":\"es\",\"potentialAction\":[{\"@type\":\"ReadAction\",\"target\":[\"https:\/\/domandoingenieria.com\/index.php\/acerca-de-nosotros\/\"]}]},{\"@type\":\"BreadcrumbList\",\"@id\":\"https:\/\/domandoingenieria.com\/index.php\/acerca-de-nosotros\/#breadcrumb\",\"itemListElement\":[{\"@type\":\"ListItem\",\"position\":1,\"name\":\"Portada\",\"item\":\"https:\/\/domandoingenieria.com\/\"},{\"@type\":\"ListItem\",\"position\":2,\"name\":\"Acerca de nosotros\"}]},{\"@type\":\"WebSite\",\"@id\":\"https:\/\/domandoingenieria.com\/#website\",\"url\":\"https:\/\/domandoingenieria.com\/\",\"name\":\"Domando Ingenier\u00eda\",\"description\":\"Lo mejor en tutoriales, noticias, trucos, c\u00f3digos y soluciones de ingenier\u00eda electr\u00f3nica y mecatr\u00f3nica para todos.\",\"publisher\":{\"@id\":\"https:\/\/domandoingenieria.com\/#organization\"},\"potentialAction\":[{\"@type\":\"SearchAction\",\"target\":{\"@type\":\"EntryPoint\",\"urlTemplate\":\"https:\/\/domandoingenieria.com\/?s={search_term_string}\"},\"query-input\":\"required name=search_term_string\"}],\"inLanguage\":\"es\"},{\"@type\":\"Organization\",\"@id\":\"https:\/\/domandoingenieria.com\/#organization\",\"name\":\"Domando Ingenier\u00eda\",\"url\":\"https:\/\/domandoingenieria.com\/\",\"logo\":{\"@type\":\"ImageObject\",\"inLanguage\":\"es\",\"@id\":\"https:\/\/domandoingenieria.com\/#\/schema\/logo\/image\/\",\"url\":\"https:\/\/domandoingenieria.com\/wp-content\/uploads\/2023\/01\/LogoDomandoIngenieriaMini.jpg\",\"contentUrl\":\"https:\/\/domandoingenieria.com\/wp-content\/uploads\/2023\/01\/LogoDomandoIngenieriaMini.jpg\",\"width\":75,\"height\":75,\"caption\":\"Domando Ingenier\u00eda\"},\"image\":{\"@id\":\"https:\/\/domandoingenieria.com\/#\/schema\/logo\/image\/\"}}]}<\/script>\n<!-- \/ Yoast SEO plugin. -->","yoast_head_json":{"title":"Acerca de nosotros - Domando Ingenier\u00eda","robots":{"index":"index","follow":"follow","max-snippet":"max-snippet:-1","max-image-preview":"max-image-preview:large","max-video-preview":"max-video-preview:-1"},"canonical":"https:\/\/domandoingenieria.com\/index.php\/acerca-de-nosotros\/","og_locale":"es_ES","og_type":"article","og_title":"Acerca de nosotros - Domando Ingenier\u00eda","og_description":"Nuestra historia Nuestra principal motivaci\u00f3n&#8230;. Nuestra filosof\u00eda Creemos firmemente en un Misi\u00f3n Ser Visi\u00f3n Alcanzar Valores Respeto Solidaridad Empat\u00eda Sinceridad","og_url":"https:\/\/domandoingenieria.com\/index.php\/acerca-de-nosotros\/","og_site_name":"Domando Ingenier\u00eda","article_modified_time":"2022-03-01T07:04:56+00:00","twitter_card":"summary_large_image","schema":{"@context":"https:\/\/schema.org","@graph":[{"@type":"WebPage","@id":"https:\/\/domandoingenieria.com\/index.php\/acerca-de-nosotros\/","url":"https:\/\/domandoingenieria.com\/index.php\/acerca-de-nosotros\/","name":"Acerca de nosotros - Domando Ingenier\u00eda","isPartOf":{"@id":"https:\/\/domandoingenieria.com\/#website"},"datePublished":"2022-03-01T06:54:13+00:00","dateModified":"2022-03-01T07:04:56+00:00","breadcrumb":{"@id":"https:\/\/domandoingenieria.com\/index.php\/acerca-de-nosotros\/#breadcrumb"},"inLanguage":"es","potentialAction":[{"@type":"ReadAction","target":["https:\/\/domandoingenieria.com\/index.php\/acerca-de-nosotros\/"]}]},{"@type":"BreadcrumbList","@id":"https:\/\/domandoingenieria.com\/index.php\/acerca-de-nosotros\/#breadcrumb","itemListElement":[{"@type":"ListItem","position":1,"name":"Portada","item":"https:\/\/domandoingenieria.com\/"},{"@type":"ListItem","position":2,"name":"Acerca de nosotros"}]},{"@type":"WebSite","@id":"https:\/\/domandoingenieria.com\/#website","url":"https:\/\/domandoingenieria.com\/","name":"Domando Ingenier\u00eda","description":"Lo mejor en tutoriales, noticias, trucos, c\u00f3digos y soluciones de ingenier\u00eda electr\u00f3nica y mecatr\u00f3nica para todos.","publisher":{"@id":"https:\/\/domandoingenieria.com\/#organization"},"potentialAction":[{"@type":"SearchAction","target":{"@type":"EntryPoint","urlTemplate":"https:\/\/domandoingenieria.com\/?s={search_term_string}"},"query-input":"required name=search_term_string"}],"inLanguage":"es"},{"@type":"Organization","@id":"https:\/\/domandoingenieria.com\/#organization","name":"Domando Ingenier\u00eda","url":"https:\/\/domandoingenieria.com\/","logo":{"@type":"ImageObject","inLanguage":"es","@id":"https:\/\/domandoingenieria.com\/#\/schema\/logo\/image\/","url":"https:\/\/domandoingenieria.com\/wp-content\/uploads\/2023\/01\/LogoDomandoIngenieriaMini.jpg","contentUrl":"https:\/\/domandoingenieria.com\/wp-content\/uploads\/2023\/01\/LogoDomandoIngenieriaMini.jpg","width":75,"height":75,"caption":"Domando Ingenier\u00eda"},"image":{"@id":"https:\/\/domandoingenieria.com\/#\/schema\/logo\/image\/"}}]}},"_links":{"self":[{"href":"https:\/\/domandoingenieria.com\/index.php\/wp-json\/wp\/v2\/pages\/21","targetHints":{"allow":["GET"]}}],"collection":[{"href":"https:\/\/domandoingenieria.com\/index.php\/wp-json\/wp\/v2\/pages"}],"about":[{"href":"https:\/\/domandoingenieria.com\/index.php\/wp-json\/wp\/v2\/types\/page"}],"author":[{"embeddable":true,"href":"https:\/\/domandoingenieria.com\/index.php\/wp-json\/wp\/v2\/users\/1"}],"replies":[{"embeddable":true,"href":"https:\/\/domandoingenieria.com\/index.php\/wp-json\/wp\/v2\/comments?post=21"}],"version-history":[{"count":2,"href":"https:\/\/domandoingenieria.com\/index.php\/wp-json\/wp\/v2\/pages\/21\/revisions"}],"predecessor-version":[{"id":23,"href":"https:\/\/domandoingenieria.com\/index.php\/wp-json\/wp\/v2\/pages\/21\/revisions\/23"}],"wp:attachment":[{"href":"https:\/\/domandoingenieria.com\/index.php\/wp-json\/wp\/v2\/media?parent=21"}],"curies":[{"name":"wp","href":"https:\/\/api.w.org\/{rel}","templated":true}]}}