{"id":2,"date":"2022-02-11T19:21:05","date_gmt":"2022-02-11T19:21:05","guid":{"rendered":"http:\/\/domandoingenieria.com\/?page_id=2"},"modified":"2023-03-28T01:16:26","modified_gmt":"2023-03-28T01:16:26","slug":"proyectos-de-electronica","status":"publish","type":"page","link":"https:\/\/domandoingenieria.com\/","title":{"rendered":"Las mejores soluciones inician aqu\u00ed"},"content":{"rendered":"\n\n\n\n\n\n\n<div class=\"wp-block-buttons is-content-justification-center is-layout-flex wp-container-core-buttons-is-layout-16018d1d wp-block-buttons-is-layout-flex\"><\/div>\n\n\n\n\n\n\n\n\n","protected":false},"excerpt":{"rendered":"","protected":false},"author":1,"featured_media":0,"parent":0,"menu_order":0,"comment_status":"closed","ping_status":"closed","template":"","meta":{"saved_in_kubio":false,"footnotes":""},"class_list":["post-2","page","type-page","status-publish","hentry"],"kubio_ai_page_context":{"short_desc":"","purpose":"general"},"yoast_head":"<!-- This site is optimized with the Yoast SEO plugin v23.0 - https:\/\/yoast.com\/wordpress\/plugins\/seo\/ -->\n<title>Tutoriales y soluciones de proyectos de electr\u00f3nica | Domando Ingenier\u00eda<\/title>\n<meta name=\"description\" content=\"Material, tutoriales y soluciones educativas y profesionales de proyectos de electr\u00f3nica con FPGA, CPLD, LoRa, Arduino y m\u00e1s. \u00a1Entra ya!\" \/>\n<meta name=\"robots\" content=\"index, follow, max-snippet:-1, max-image-preview:large, max-video-preview:-1\" \/>\n<link rel=\"canonical\" href=\"https:\/\/domandoingenieria.com\/\" \/>\n<meta property=\"og:locale\" content=\"es_ES\" \/>\n<meta property=\"og:type\" content=\"article\" \/>\n<meta property=\"og:title\" content=\"Tutoriales y soluciones de proyectos de electr\u00f3nica | Domando Ingenier\u00eda\" \/>\n<meta property=\"og:description\" content=\"Material, tutoriales y soluciones educativas y profesionales de proyectos de electr\u00f3nica con FPGA, CPLD, LoRa, Arduino y m\u00e1s. \u00a1Entra ya!\" \/>\n<meta property=\"og:url\" content=\"https:\/\/domandoingenieria.com\/\" \/>\n<meta property=\"og:site_name\" content=\"Domando Ingenier\u00eda\" \/>\n<meta property=\"article:modified_time\" content=\"2023-03-28T01:16:26+00:00\" \/>\n<meta name=\"twitter:card\" content=\"summary_large_image\" \/>\n<meta name=\"twitter:label1\" content=\"Tiempo de lectura\" \/>\n\t<meta name=\"twitter:data1\" content=\"3 minutos\" \/>\n<script type=\"application\/ld+json\" class=\"yoast-schema-graph\">{\"@context\":\"https:\/\/schema.org\",\"@graph\":[{\"@type\":\"WebPage\",\"@id\":\"https:\/\/domandoingenieria.com\/\",\"url\":\"https:\/\/domandoingenieria.com\/\",\"name\":\"Tutoriales y soluciones de proyectos de electr\u00f3nica | Domando Ingenier\u00eda\",\"isPartOf\":{\"@id\":\"https:\/\/domandoingenieria.com\/#website\"},\"datePublished\":\"2022-02-11T19:21:05+00:00\",\"dateModified\":\"2023-03-28T01:16:26+00:00\",\"description\":\"Material, tutoriales y soluciones educativas y profesionales de proyectos de electr\u00f3nica con FPGA, CPLD, LoRa, Arduino y m\u00e1s. \u00a1Entra ya!\",\"breadcrumb\":{\"@id\":\"https:\/\/domandoingenieria.com\/#breadcrumb\"},\"inLanguage\":\"es\",\"potentialAction\":[{\"@type\":\"ReadAction\",\"target\":[\"https:\/\/domandoingenieria.com\/\"]}]},{\"@type\":\"BreadcrumbList\",\"@id\":\"https:\/\/domandoingenieria.com\/#breadcrumb\",\"itemListElement\":[{\"@type\":\"ListItem\",\"position\":1,\"name\":\"Portada\",\"item\":\"https:\/\/domandoingenieria.com\/\"},{\"@type\":\"ListItem\",\"position\":2,\"name\":\"Las mejores soluciones inician aqu\u00ed\"}]},{\"@type\":\"WebSite\",\"@id\":\"https:\/\/domandoingenieria.com\/#website\",\"url\":\"https:\/\/domandoingenieria.com\/\",\"name\":\"Domando Ingenier\u00eda\",\"description\":\"Lo mejor en tutoriales, noticias, trucos, c\u00f3digos y soluciones de ingenier\u00eda electr\u00f3nica y mecatr\u00f3nica para todos.\",\"publisher\":{\"@id\":\"https:\/\/domandoingenieria.com\/#organization\"},\"potentialAction\":[{\"@type\":\"SearchAction\",\"target\":{\"@type\":\"EntryPoint\",\"urlTemplate\":\"https:\/\/domandoingenieria.com\/?s={search_term_string}\"},\"query-input\":\"required name=search_term_string\"}],\"inLanguage\":\"es\"},{\"@type\":\"Organization\",\"@id\":\"https:\/\/domandoingenieria.com\/#organization\",\"name\":\"Domando Ingenier\u00eda\",\"url\":\"https:\/\/domandoingenieria.com\/\",\"logo\":{\"@type\":\"ImageObject\",\"inLanguage\":\"es\",\"@id\":\"https:\/\/domandoingenieria.com\/#\/schema\/logo\/image\/\",\"url\":\"https:\/\/domandoingenieria.com\/wp-content\/uploads\/2023\/01\/LogoDomandoIngenieriaMini.jpg\",\"contentUrl\":\"https:\/\/domandoingenieria.com\/wp-content\/uploads\/2023\/01\/LogoDomandoIngenieriaMini.jpg\",\"width\":75,\"height\":75,\"caption\":\"Domando Ingenier\u00eda\"},\"image\":{\"@id\":\"https:\/\/domandoingenieria.com\/#\/schema\/logo\/image\/\"}}]}<\/script>\n<!-- \/ Yoast SEO plugin. -->","yoast_head_json":{"title":"Tutoriales y soluciones de proyectos de electr\u00f3nica | Domando Ingenier\u00eda","description":"Material, tutoriales y soluciones educativas y profesionales de proyectos de electr\u00f3nica con FPGA, CPLD, LoRa, Arduino y m\u00e1s. \u00a1Entra ya!","robots":{"index":"index","follow":"follow","max-snippet":"max-snippet:-1","max-image-preview":"max-image-preview:large","max-video-preview":"max-video-preview:-1"},"canonical":"https:\/\/domandoingenieria.com\/","og_locale":"es_ES","og_type":"article","og_title":"Tutoriales y soluciones de proyectos de electr\u00f3nica | Domando Ingenier\u00eda","og_description":"Material, tutoriales y soluciones educativas y profesionales de proyectos de electr\u00f3nica con FPGA, CPLD, LoRa, Arduino y m\u00e1s. \u00a1Entra ya!","og_url":"https:\/\/domandoingenieria.com\/","og_site_name":"Domando Ingenier\u00eda","article_modified_time":"2023-03-28T01:16:26+00:00","twitter_card":"summary_large_image","twitter_misc":{"Tiempo de lectura":"3 minutos"},"schema":{"@context":"https:\/\/schema.org","@graph":[{"@type":"WebPage","@id":"https:\/\/domandoingenieria.com\/","url":"https:\/\/domandoingenieria.com\/","name":"Tutoriales y soluciones de proyectos de electr\u00f3nica | Domando Ingenier\u00eda","isPartOf":{"@id":"https:\/\/domandoingenieria.com\/#website"},"datePublished":"2022-02-11T19:21:05+00:00","dateModified":"2023-03-28T01:16:26+00:00","description":"Material, tutoriales y soluciones educativas y profesionales de proyectos de electr\u00f3nica con FPGA, CPLD, LoRa, Arduino y m\u00e1s. \u00a1Entra ya!","breadcrumb":{"@id":"https:\/\/domandoingenieria.com\/#breadcrumb"},"inLanguage":"es","potentialAction":[{"@type":"ReadAction","target":["https:\/\/domandoingenieria.com\/"]}]},{"@type":"BreadcrumbList","@id":"https:\/\/domandoingenieria.com\/#breadcrumb","itemListElement":[{"@type":"ListItem","position":1,"name":"Portada","item":"https:\/\/domandoingenieria.com\/"},{"@type":"ListItem","position":2,"name":"Las mejores soluciones inician aqu\u00ed"}]},{"@type":"WebSite","@id":"https:\/\/domandoingenieria.com\/#website","url":"https:\/\/domandoingenieria.com\/","name":"Domando Ingenier\u00eda","description":"Lo mejor en tutoriales, noticias, trucos, c\u00f3digos y soluciones de ingenier\u00eda electr\u00f3nica y mecatr\u00f3nica para todos.","publisher":{"@id":"https:\/\/domandoingenieria.com\/#organization"},"potentialAction":[{"@type":"SearchAction","target":{"@type":"EntryPoint","urlTemplate":"https:\/\/domandoingenieria.com\/?s={search_term_string}"},"query-input":"required name=search_term_string"}],"inLanguage":"es"},{"@type":"Organization","@id":"https:\/\/domandoingenieria.com\/#organization","name":"Domando Ingenier\u00eda","url":"https:\/\/domandoingenieria.com\/","logo":{"@type":"ImageObject","inLanguage":"es","@id":"https:\/\/domandoingenieria.com\/#\/schema\/logo\/image\/","url":"https:\/\/domandoingenieria.com\/wp-content\/uploads\/2023\/01\/LogoDomandoIngenieriaMini.jpg","contentUrl":"https:\/\/domandoingenieria.com\/wp-content\/uploads\/2023\/01\/LogoDomandoIngenieriaMini.jpg","width":75,"height":75,"caption":"Domando Ingenier\u00eda"},"image":{"@id":"https:\/\/domandoingenieria.com\/#\/schema\/logo\/image\/"}}]}},"_links":{"self":[{"href":"https:\/\/domandoingenieria.com\/index.php\/wp-json\/wp\/v2\/pages\/2","targetHints":{"allow":["GET"]}}],"collection":[{"href":"https:\/\/domandoingenieria.com\/index.php\/wp-json\/wp\/v2\/pages"}],"about":[{"href":"https:\/\/domandoingenieria.com\/index.php\/wp-json\/wp\/v2\/types\/page"}],"author":[{"embeddable":true,"href":"https:\/\/domandoingenieria.com\/index.php\/wp-json\/wp\/v2\/users\/1"}],"replies":[{"embeddable":true,"href":"https:\/\/domandoingenieria.com\/index.php\/wp-json\/wp\/v2\/comments?post=2"}],"version-history":[{"count":45,"href":"https:\/\/domandoingenieria.com\/index.php\/wp-json\/wp\/v2\/pages\/2\/revisions"}],"predecessor-version":[{"id":557,"href":"https:\/\/domandoingenieria.com\/index.php\/wp-json\/wp\/v2\/pages\/2\/revisions\/557"}],"wp:attachment":[{"href":"https:\/\/domandoingenieria.com\/index.php\/wp-json\/wp\/v2\/media?parent=2"}],"curies":[{"name":"wp","href":"https:\/\/api.w.org\/{rel}","templated":true}]}}