{"id":16,"date":"2022-03-01T06:48:54","date_gmt":"2022-03-01T06:48:54","guid":{"rendered":"https:\/\/domandoingenieria.com\/?page_id=16"},"modified":"2022-03-19T14:18:49","modified_gmt":"2022-03-19T14:18:49","slug":"sponsors","status":"publish","type":"page","link":"https:\/\/domandoingenieria.com\/index.php\/sponsors\/","title":{"rendered":"Sponsors"},"content":{"rendered":"\n<p>Este proyecto es posible gracias a nuestros patrocinadores, o sponsors.  \u00danete a las personas que creen en el proyecto o escr\u00edbenos <a href=\"https:\/\/domandoingenieria.com\/index.php\/contacto\/\">aqu\u00ed<\/a> para conocer un poco m\u00e1s.<\/p>\n\n\n\n<h4 class=\"wp-block-heading\" id=\"PatrocinioClave\">Patrocinadores clave<\/h4>\n\n\n\n<div class=\"wp-block-columns is-layout-flex wp-container-core-columns-is-layout-9d6595d7 wp-block-columns-is-layout-flex\">\n<div class=\"wp-block-column is-layout-flow wp-block-column-is-layout-flow\">\n<figure class=\"wp-block-image size-full is-resized\"><a href=\"https:\/\/asraservices.com\/\"><img loading=\"lazy\" decoding=\"async\" src=\"https:\/\/domandoingenieria.com\/wp-content\/uploads\/2022\/03\/logo-1.webp\" alt=\"Logo Sponsors ASRA Services\" class=\"wp-image-19\" width=\"201\" height=\"135\" srcset=\"https:\/\/domandoingenieria.com\/wp-content\/uploads\/2022\/03\/logo-1.webp 512w, https:\/\/domandoingenieria.com\/wp-content\/uploads\/2022\/03\/logo-1-300x203.webp 300w\" sizes=\"auto, (max-width: 201px) 100vw, 201px\" \/><\/a><figcaption>ASRA Services se encarga de revisar, corregir, editar y traducir manuscritos (art\u00edculos cient\u00edficos), sitios web y otros documentos para dejar la mejor impresi\u00f3n con tus lectores.<\/figcaption><\/figure>\n<\/div>\n\n\n\n<div class=\"wp-block-column is-layout-flow wp-block-column-is-layout-flow\"><\/div>\n\n\n\n<div class=\"wp-block-column is-layout-flow wp-block-column-is-layout-flow\"><\/div>\n<\/div>\n\n\n\n<h4 class=\"wp-block-heading\" id=\"PatrocinioPatreon\">Patrocinadores de Patreon<\/h4>\n\n\n\n<div class=\"wp-block-columns is-layout-flex wp-container-core-columns-is-layout-9d6595d7 wp-block-columns-is-layout-flex\">\n<div class=\"wp-block-column is-layout-flow wp-block-column-is-layout-flow\"><\/div>\n\n\n\n<div class=\"wp-block-column is-layout-flow wp-block-column-is-layout-flow\"><\/div>\n\n\n\n<div class=\"wp-block-column is-layout-flow wp-block-column-is-layout-flow\"><\/div>\n<\/div>\n\n\n\n<p>\u00bfTe gustar\u00eda apoyar? \u00a1\u00danete a nuestros generosos patrocinadores que creen en el potencial del proyecto!<\/p>\n\n\n\n<h4 class=\"wp-block-heading\" id=\"Agradecimientos\">Agradecimientos<\/h4>\n\n\n\n<p>Este proyecto no ser\u00eda posible sin el apoyo tambi\u00e9n de las siguientes personas especiales:<\/p>\n\n\n\n<h4 class=\"wp-block-heading\" id=\"Unete\">\u00a1\u00danete a nuestros patrocinadores!<\/h4>\n\n\n\n<div class=\"wp-block-contact-form-7-contact-form-selector\">\n<div class=\"wpcf7 no-js\" id=\"wpcf7-f61-o1\" lang=\"es-ES\" dir=\"ltr\">\n<div class=\"screen-reader-response\"><p role=\"status\" aria-live=\"polite\" aria-atomic=\"true\"><\/p> <ul><\/ul><\/div>\n<form action=\"\/index.php\/wp-json\/wp\/v2\/pages\/16#wpcf7-f61-o1\" method=\"post\" class=\"wpcf7-form init\" aria-label=\"Formulario de contacto\" novalidate=\"novalidate\" data-status=\"init\">\n<div style=\"display: none;\">\n<input type=\"hidden\" name=\"_wpcf7\" value=\"61\" \/>\n<input type=\"hidden\" name=\"_wpcf7_version\" value=\"5.9.7\" \/>\n<input type=\"hidden\" name=\"_wpcf7_locale\" value=\"es_ES\" \/>\n<input type=\"hidden\" name=\"_wpcf7_unit_tag\" value=\"wpcf7-f61-o1\" \/>\n<input type=\"hidden\" name=\"_wpcf7_container_post\" value=\"0\" \/>\n<input type=\"hidden\" name=\"_wpcf7_posted_data_hash\" value=\"\" \/>\n<\/div>\n<p><label> Tu nombre<br \/>\n<span class=\"wpcf7-form-control-wrap\" data-name=\"your-name\"><input size=\"40\" maxlength=\"400\" class=\"wpcf7-form-control wpcf7-text wpcf7-validates-as-required\" aria-required=\"true\" aria-invalid=\"false\" value=\"\" type=\"text\" name=\"your-name\" \/><\/span> <\/label>\n<\/p>\n<p><label> Tu correo electr\u00f3nico<br \/>\n<span class=\"wpcf7-form-control-wrap\" data-name=\"your-email\"><input size=\"40\" maxlength=\"400\" class=\"wpcf7-form-control wpcf7-email wpcf7-validates-as-required wpcf7-text wpcf7-validates-as-email\" aria-required=\"true\" aria-invalid=\"false\" value=\"\" type=\"email\" name=\"your-email\" \/><\/span> <\/label>\n<\/p>\n<p><label> Asunto<br \/>\n<span class=\"wpcf7-form-control-wrap\" data-name=\"your-subject\"><input size=\"40\" maxlength=\"400\" class=\"wpcf7-form-control wpcf7-text wpcf7-validates-as-required\" aria-required=\"true\" aria-invalid=\"false\" value=\"\" type=\"text\" name=\"your-subject\" \/><\/span> <\/label>\n<\/p>\n<p><label> Tu mensaje (opcional)<br \/>\n<span class=\"wpcf7-form-control-wrap\" data-name=\"your-message\"><textarea cols=\"40\" rows=\"10\" maxlength=\"2000\" class=\"wpcf7-form-control wpcf7-textarea\" aria-invalid=\"false\" name=\"your-message\"><\/textarea><\/span> <\/label>\n<\/p>\n<p><input class=\"wpcf7-form-control wpcf7-submit has-spinner\" type=\"submit\" value=\"Enviar\" \/>\n<\/p><p style=\"display: none !important;\" class=\"akismet-fields-container\" data-prefix=\"_wpcf7_ak_\"><label>&#916;<textarea name=\"_wpcf7_ak_hp_textarea\" cols=\"45\" rows=\"8\" maxlength=\"100\"><\/textarea><\/label><input type=\"hidden\" id=\"ak_js_1\" name=\"_wpcf7_ak_js\" value=\"58\"\/><script>document.getElementById( \"ak_js_1\" ).setAttribute( \"value\", ( new Date() ).getTime() );<\/script><\/p><div class=\"wpcf7-response-output\" aria-hidden=\"true\"><\/div>\n<\/form>\n<\/div>\n<\/div>\n\n\n\n<p><\/p>\n","protected":false},"excerpt":{"rendered":"<p>Este proyecto es posible gracias a nuestros patrocinadores, o sponsors. \u00danete a las personas que creen en el proyecto o escr\u00edbenos aqu\u00ed para conocer un poco m\u00e1s. Patrocinadores clave Patrocinadores de Patreon \u00bfTe gustar\u00eda apoyar? \u00a1\u00danete a nuestros generosos patrocinadores que creen en el potencial del proyecto! Agradecimientos Este proyecto no ser\u00eda posible sin el [&hellip;]<\/p>\n","protected":false},"author":1,"featured_media":0,"parent":0,"menu_order":0,"comment_status":"closed","ping_status":"closed","template":"","meta":{"saved_in_kubio":false,"footnotes":""},"class_list":["post-16","page","type-page","status-publish","hentry"],"kubio_ai_page_context":{"short_desc":"","purpose":"general"},"yoast_head":"<!-- This site is optimized with the Yoast SEO plugin v23.0 - https:\/\/yoast.com\/wordpress\/plugins\/seo\/ -->\n<title>Sponsors - Domando Ingenier\u00eda<\/title>\n<meta name=\"description\" content=\"\u00bfTe gustar\u00eda apoyar el proyecto? \u00a1\u00danete a nuestros sponsors! Cada granito de arena cuenta para mantener este proyecto creciendo.\" \/>\n<meta name=\"robots\" content=\"index, follow, max-snippet:-1, max-image-preview:large, max-video-preview:-1\" \/>\n<link rel=\"canonical\" href=\"https:\/\/domandoingenieria.com\/index.php\/sponsors\/\" \/>\n<meta property=\"og:locale\" content=\"es_ES\" \/>\n<meta property=\"og:type\" content=\"article\" \/>\n<meta property=\"og:title\" content=\"Sponsors - Domando Ingenier\u00eda\" \/>\n<meta property=\"og:description\" content=\"\u00bfTe gustar\u00eda apoyar el proyecto? \u00a1\u00danete a nuestros sponsors! Cada granito de arena cuenta para mantener este proyecto creciendo.\" \/>\n<meta property=\"og:url\" content=\"https:\/\/domandoingenieria.com\/index.php\/sponsors\/\" \/>\n<meta property=\"og:site_name\" content=\"Domando Ingenier\u00eda\" \/>\n<meta property=\"article:modified_time\" content=\"2022-03-19T14:18:49+00:00\" \/>\n<meta property=\"og:image\" content=\"https:\/\/domandoingenieria.com\/wp-content\/uploads\/2022\/03\/logo-1.webp\" \/>\n<meta name=\"twitter:card\" content=\"summary_large_image\" \/>\n<meta name=\"twitter:label1\" content=\"Tiempo de lectura\" \/>\n\t<meta name=\"twitter:data1\" content=\"1 minuto\" \/>\n<script type=\"application\/ld+json\" class=\"yoast-schema-graph\">{\"@context\":\"https:\/\/schema.org\",\"@graph\":[{\"@type\":\"WebPage\",\"@id\":\"https:\/\/domandoingenieria.com\/index.php\/sponsors\/\",\"url\":\"https:\/\/domandoingenieria.com\/index.php\/sponsors\/\",\"name\":\"Sponsors - Domando Ingenier\u00eda\",\"isPartOf\":{\"@id\":\"https:\/\/domandoingenieria.com\/#website\"},\"primaryImageOfPage\":{\"@id\":\"https:\/\/domandoingenieria.com\/index.php\/sponsors\/#primaryimage\"},\"image\":{\"@id\":\"https:\/\/domandoingenieria.com\/index.php\/sponsors\/#primaryimage\"},\"thumbnailUrl\":\"https:\/\/domandoingenieria.com\/wp-content\/uploads\/2022\/03\/logo-1.webp\",\"datePublished\":\"2022-03-01T06:48:54+00:00\",\"dateModified\":\"2022-03-19T14:18:49+00:00\",\"description\":\"\u00bfTe gustar\u00eda apoyar el proyecto? \u00a1\u00danete a nuestros sponsors! Cada granito de arena cuenta para mantener este proyecto creciendo.\",\"breadcrumb\":{\"@id\":\"https:\/\/domandoingenieria.com\/index.php\/sponsors\/#breadcrumb\"},\"inLanguage\":\"es\",\"potentialAction\":[{\"@type\":\"ReadAction\",\"target\":[\"https:\/\/domandoingenieria.com\/index.php\/sponsors\/\"]}]},{\"@type\":\"ImageObject\",\"inLanguage\":\"es\",\"@id\":\"https:\/\/domandoingenieria.com\/index.php\/sponsors\/#primaryimage\",\"url\":\"https:\/\/domandoingenieria.com\/wp-content\/uploads\/2022\/03\/logo-1.webp\",\"contentUrl\":\"https:\/\/domandoingenieria.com\/wp-content\/uploads\/2022\/03\/logo-1.webp\",\"width\":512,\"height\":346},{\"@type\":\"BreadcrumbList\",\"@id\":\"https:\/\/domandoingenieria.com\/index.php\/sponsors\/#breadcrumb\",\"itemListElement\":[{\"@type\":\"ListItem\",\"position\":1,\"name\":\"Portada\",\"item\":\"https:\/\/domandoingenieria.com\/\"},{\"@type\":\"ListItem\",\"position\":2,\"name\":\"Sponsors\"}]},{\"@type\":\"WebSite\",\"@id\":\"https:\/\/domandoingenieria.com\/#website\",\"url\":\"https:\/\/domandoingenieria.com\/\",\"name\":\"Domando Ingenier\u00eda\",\"description\":\"Lo mejor en tutoriales, noticias, trucos, c\u00f3digos y soluciones de ingenier\u00eda electr\u00f3nica y mecatr\u00f3nica para todos.\",\"publisher\":{\"@id\":\"https:\/\/domandoingenieria.com\/#organization\"},\"potentialAction\":[{\"@type\":\"SearchAction\",\"target\":{\"@type\":\"EntryPoint\",\"urlTemplate\":\"https:\/\/domandoingenieria.com\/?s={search_term_string}\"},\"query-input\":\"required name=search_term_string\"}],\"inLanguage\":\"es\"},{\"@type\":\"Organization\",\"@id\":\"https:\/\/domandoingenieria.com\/#organization\",\"name\":\"Domando Ingenier\u00eda\",\"url\":\"https:\/\/domandoingenieria.com\/\",\"logo\":{\"@type\":\"ImageObject\",\"inLanguage\":\"es\",\"@id\":\"https:\/\/domandoingenieria.com\/#\/schema\/logo\/image\/\",\"url\":\"https:\/\/domandoingenieria.com\/wp-content\/uploads\/2023\/01\/LogoDomandoIngenieriaMini.jpg\",\"contentUrl\":\"https:\/\/domandoingenieria.com\/wp-content\/uploads\/2023\/01\/LogoDomandoIngenieriaMini.jpg\",\"width\":75,\"height\":75,\"caption\":\"Domando Ingenier\u00eda\"},\"image\":{\"@id\":\"https:\/\/domandoingenieria.com\/#\/schema\/logo\/image\/\"}}]}<\/script>\n<!-- \/ Yoast SEO plugin. -->","yoast_head_json":{"title":"Sponsors - Domando Ingenier\u00eda","description":"\u00bfTe gustar\u00eda apoyar el proyecto? \u00a1\u00danete a nuestros sponsors! Cada granito de arena cuenta para mantener este proyecto creciendo.","robots":{"index":"index","follow":"follow","max-snippet":"max-snippet:-1","max-image-preview":"max-image-preview:large","max-video-preview":"max-video-preview:-1"},"canonical":"https:\/\/domandoingenieria.com\/index.php\/sponsors\/","og_locale":"es_ES","og_type":"article","og_title":"Sponsors - Domando Ingenier\u00eda","og_description":"\u00bfTe gustar\u00eda apoyar el proyecto? \u00a1\u00danete a nuestros sponsors! Cada granito de arena cuenta para mantener este proyecto creciendo.","og_url":"https:\/\/domandoingenieria.com\/index.php\/sponsors\/","og_site_name":"Domando Ingenier\u00eda","article_modified_time":"2022-03-19T14:18:49+00:00","og_image":[{"url":"https:\/\/domandoingenieria.com\/wp-content\/uploads\/2022\/03\/logo-1.webp"}],"twitter_card":"summary_large_image","twitter_misc":{"Tiempo de lectura":"1 minuto"},"schema":{"@context":"https:\/\/schema.org","@graph":[{"@type":"WebPage","@id":"https:\/\/domandoingenieria.com\/index.php\/sponsors\/","url":"https:\/\/domandoingenieria.com\/index.php\/sponsors\/","name":"Sponsors - Domando Ingenier\u00eda","isPartOf":{"@id":"https:\/\/domandoingenieria.com\/#website"},"primaryImageOfPage":{"@id":"https:\/\/domandoingenieria.com\/index.php\/sponsors\/#primaryimage"},"image":{"@id":"https:\/\/domandoingenieria.com\/index.php\/sponsors\/#primaryimage"},"thumbnailUrl":"https:\/\/domandoingenieria.com\/wp-content\/uploads\/2022\/03\/logo-1.webp","datePublished":"2022-03-01T06:48:54+00:00","dateModified":"2022-03-19T14:18:49+00:00","description":"\u00bfTe gustar\u00eda apoyar el proyecto? \u00a1\u00danete a nuestros sponsors! Cada granito de arena cuenta para mantener este proyecto creciendo.","breadcrumb":{"@id":"https:\/\/domandoingenieria.com\/index.php\/sponsors\/#breadcrumb"},"inLanguage":"es","potentialAction":[{"@type":"ReadAction","target":["https:\/\/domandoingenieria.com\/index.php\/sponsors\/"]}]},{"@type":"ImageObject","inLanguage":"es","@id":"https:\/\/domandoingenieria.com\/index.php\/sponsors\/#primaryimage","url":"https:\/\/domandoingenieria.com\/wp-content\/uploads\/2022\/03\/logo-1.webp","contentUrl":"https:\/\/domandoingenieria.com\/wp-content\/uploads\/2022\/03\/logo-1.webp","width":512,"height":346},{"@type":"BreadcrumbList","@id":"https:\/\/domandoingenieria.com\/index.php\/sponsors\/#breadcrumb","itemListElement":[{"@type":"ListItem","position":1,"name":"Portada","item":"https:\/\/domandoingenieria.com\/"},{"@type":"ListItem","position":2,"name":"Sponsors"}]},{"@type":"WebSite","@id":"https:\/\/domandoingenieria.com\/#website","url":"https:\/\/domandoingenieria.com\/","name":"Domando Ingenier\u00eda","description":"Lo mejor en tutoriales, noticias, trucos, c\u00f3digos y soluciones de ingenier\u00eda electr\u00f3nica y mecatr\u00f3nica para todos.","publisher":{"@id":"https:\/\/domandoingenieria.com\/#organization"},"potentialAction":[{"@type":"SearchAction","target":{"@type":"EntryPoint","urlTemplate":"https:\/\/domandoingenieria.com\/?s={search_term_string}"},"query-input":"required name=search_term_string"}],"inLanguage":"es"},{"@type":"Organization","@id":"https:\/\/domandoingenieria.com\/#organization","name":"Domando Ingenier\u00eda","url":"https:\/\/domandoingenieria.com\/","logo":{"@type":"ImageObject","inLanguage":"es","@id":"https:\/\/domandoingenieria.com\/#\/schema\/logo\/image\/","url":"https:\/\/domandoingenieria.com\/wp-content\/uploads\/2023\/01\/LogoDomandoIngenieriaMini.jpg","contentUrl":"https:\/\/domandoingenieria.com\/wp-content\/uploads\/2023\/01\/LogoDomandoIngenieriaMini.jpg","width":75,"height":75,"caption":"Domando Ingenier\u00eda"},"image":{"@id":"https:\/\/domandoingenieria.com\/#\/schema\/logo\/image\/"}}]}},"_links":{"self":[{"href":"https:\/\/domandoingenieria.com\/index.php\/wp-json\/wp\/v2\/pages\/16","targetHints":{"allow":["GET"]}}],"collection":[{"href":"https:\/\/domandoingenieria.com\/index.php\/wp-json\/wp\/v2\/pages"}],"about":[{"href":"https:\/\/domandoingenieria.com\/index.php\/wp-json\/wp\/v2\/types\/page"}],"author":[{"embeddable":true,"href":"https:\/\/domandoingenieria.com\/index.php\/wp-json\/wp\/v2\/users\/1"}],"replies":[{"embeddable":true,"href":"https:\/\/domandoingenieria.com\/index.php\/wp-json\/wp\/v2\/comments?post=16"}],"version-history":[{"count":9,"href":"https:\/\/domandoingenieria.com\/index.php\/wp-json\/wp\/v2\/pages\/16\/revisions"}],"predecessor-version":[{"id":206,"href":"https:\/\/domandoingenieria.com\/index.php\/wp-json\/wp\/v2\/pages\/16\/revisions\/206"}],"wp:attachment":[{"href":"https:\/\/domandoingenieria.com\/index.php\/wp-json\/wp\/v2\/media?parent=16"}],"curies":[{"name":"wp","href":"https:\/\/api.w.org\/{rel}","templated":true}]}}